{"id":709,"date":"2018-12-12T11:15:18","date_gmt":"2018-12-12T10:15:18","guid":{"rendered":"http:\/\/gryff-et-pitaine.fr\/?page_id=709"},"modified":"2026-03-24T18:05:21","modified_gmt":"2026-03-24T17:05:21","slug":"ils-sont-frais-mes-rapports","status":"publish","type":"page","link":"https:\/\/gryff-et-pitaine.fr\/?page_id=709","title":{"rendered":"Ils sont frais mes rapports!"},"content":{"rendered":"<p><strong>Les 5 Derniers rapports de batailles!<\/strong><\/p>\n<blockquote class=\"wp-embedded-content\" data-secret=\"b4m67lMSUD\"><p><a href=\"https:\/\/gryff-et-pitaine.fr\/?p=16597\">[Cadwallon VS Wolfen] Loups de Mer<\/a><\/p><\/blockquote>\n<p><iframe loading=\"lazy\" class=\"wp-embedded-content\" sandbox=\"allow-scripts\" security=\"restricted\" style=\"position: absolute; visibility: hidden;\" title=\"\u00ab\u00a0[Cadwallon VS Wolfen] Loups de Mer\u00a0\u00bb &#8212; Gryff et Pitaine\" src=\"https:\/\/gryff-et-pitaine.fr\/?p=16597&#038;embed=true#?secret=Z0ZPLp8ZDO#?secret=b4m67lMSUD\" data-secret=\"b4m67lMSUD\" width=\"600\" height=\"338\" frameborder=\"0\" marginwidth=\"0\" marginheight=\"0\" scrolling=\"no\"><\/iframe><\/p>\n<blockquote class=\"wp-embedded-content\" data-secret=\"FddIQHH0OI\"><p><a href=\"https:\/\/gryff-et-pitaine.fr\/?p=16129\">L&rsquo;assaut du Ch\u00e2teau<\/a><\/p><\/blockquote>\n<p><iframe loading=\"lazy\" class=\"wp-embedded-content\" sandbox=\"allow-scripts\" security=\"restricted\" style=\"position: absolute; visibility: hidden;\" title=\"\u00ab\u00a0L&rsquo;assaut du Ch\u00e2teau\u00a0\u00bb &#8212; Gryff et Pitaine\" src=\"https:\/\/gryff-et-pitaine.fr\/?p=16129&#038;embed=true#?secret=KYOKCJxrUl#?secret=FddIQHH0OI\" data-secret=\"FddIQHH0OI\" width=\"600\" height=\"338\" frameborder=\"0\" marginwidth=\"0\" marginheight=\"0\" scrolling=\"no\"><\/iframe><\/p>\n<blockquote class=\"wp-embedded-content\" data-secret=\"gHoqvji0Eh\"><p><a href=\"https:\/\/gryff-et-pitaine.fr\/?p=15451\">Bataille de la colline aux pendus<\/a><\/p><\/blockquote>\n<p><iframe loading=\"lazy\" class=\"wp-embedded-content\" sandbox=\"allow-scripts\" security=\"restricted\" style=\"position: absolute; visibility: hidden;\" title=\"\u00ab\u00a0Bataille de la colline aux pendus\u00a0\u00bb &#8212; Gryff et Pitaine\" src=\"https:\/\/gryff-et-pitaine.fr\/?p=15451&#038;embed=true#?secret=MIy0xhkYwY#?secret=gHoqvji0Eh\" data-secret=\"gHoqvji0Eh\" width=\"600\" height=\"338\" frameborder=\"0\" marginwidth=\"0\" marginheight=\"0\" scrolling=\"no\"><\/iframe><\/p>\n<blockquote class=\"wp-embedded-content\" data-secret=\"3aJ9LExdQW\"><p><a href=\"https:\/\/gryff-et-pitaine.fr\/?p=14262\">Bataille de l&rsquo;\u00eele du Cr\u00e2ne Blanc<\/a><\/p><\/blockquote>\n<p><iframe loading=\"lazy\" class=\"wp-embedded-content\" sandbox=\"allow-scripts\" security=\"restricted\" style=\"position: absolute; visibility: hidden;\" title=\"\u00ab\u00a0Bataille de l&rsquo;\u00eele du Cr\u00e2ne Blanc\u00a0\u00bb &#8212; Gryff et Pitaine\" src=\"https:\/\/gryff-et-pitaine.fr\/?p=14262&#038;embed=true#?secret=PLHMxabQaC#?secret=3aJ9LExdQW\" data-secret=\"3aJ9LExdQW\" width=\"600\" height=\"338\" frameborder=\"0\" marginwidth=\"0\" marginheight=\"0\" scrolling=\"no\"><\/iframe><\/p>\n<blockquote class=\"wp-embedded-content\" data-secret=\"rkfWkXuRY5\"><p><a href=\"https:\/\/gryff-et-pitaine.fr\/?p=13863\">Bataille de Babel Ou\u00e8d: Avant Garde<\/a><\/p><\/blockquote>\n<p><iframe loading=\"lazy\" class=\"wp-embedded-content\" sandbox=\"allow-scripts\" security=\"restricted\" style=\"position: absolute; visibility: hidden;\" title=\"\u00ab\u00a0Bataille de Babel Ou\u00e8d: Avant Garde\u00a0\u00bb &#8212; Gryff et Pitaine\" src=\"https:\/\/gryff-et-pitaine.fr\/?p=13863&#038;embed=true#?secret=tBW6674Ndp#?secret=rkfWkXuRY5\" data-secret=\"rkfWkXuRY5\" width=\"600\" height=\"338\" frameborder=\"0\" marginwidth=\"0\" marginheight=\"0\" scrolling=\"no\"><\/iframe><\/p>\n<p>&nbsp;<\/p>\n<p>&nbsp;<\/p>\n<p>&nbsp;<\/p>\n<p>&nbsp;<\/p>\n<p>&nbsp;<\/p>\n","protected":false},"excerpt":{"rendered":"<p>Les 5 Derniers rapports de batailles! [Cadwallon VS Wolfen] Loups de Mer L&rsquo;assaut du Ch\u00e2teau Bataille de la colline aux pendus Bataille de l&rsquo;\u00eele du Cr\u00e2ne Blanc Bataille de Babel<\/p>\n<p class=\"more-link\"><a href=\"https:\/\/gryff-et-pitaine.fr\/?page_id=709\" class=\"readmore\">Lire la suite&#8230;<span class=\"screen-reader-text\">Ils sont frais mes rapports!<\/span><\/a><\/p>\n","protected":false},"author":2,"featured_media":0,"parent":0,"menu_order":0,"comment_status":"closed","ping_status":"closed","template":"","meta":{"footnotes":""},"class_list":["post-709","page","type-page","status-publish","hentry"],"_links":{"self":[{"href":"https:\/\/gryff-et-pitaine.fr\/index.php?rest_route=\/wp\/v2\/pages\/709","targetHints":{"allow":["GET"]}}],"collection":[{"href":"https:\/\/gryff-et-pitaine.fr\/index.php?rest_route=\/wp\/v2\/pages"}],"about":[{"href":"https:\/\/gryff-et-pitaine.fr\/index.php?rest_route=\/wp\/v2\/types\/page"}],"author":[{"embeddable":true,"href":"https:\/\/gryff-et-pitaine.fr\/index.php?rest_route=\/wp\/v2\/users\/2"}],"replies":[{"embeddable":true,"href":"https:\/\/gryff-et-pitaine.fr\/index.php?rest_route=%2Fwp%2Fv2%2Fcomments&post=709"}],"version-history":[{"count":61,"href":"https:\/\/gryff-et-pitaine.fr\/index.php?rest_route=\/wp\/v2\/pages\/709\/revisions"}],"predecessor-version":[{"id":16732,"href":"https:\/\/gryff-et-pitaine.fr\/index.php?rest_route=\/wp\/v2\/pages\/709\/revisions\/16732"}],"wp:attachment":[{"href":"https:\/\/gryff-et-pitaine.fr\/index.php?rest_route=%2Fwp%2Fv2%2Fmedia&parent=709"}],"curies":[{"name":"wp","href":"https:\/\/api.w.org\/{rel}","templated":true}]}}