{"id":702,"date":"2018-12-08T14:36:38","date_gmt":"2018-12-08T13:36:38","guid":{"rendered":"http:\/\/gryff-et-pitaine.fr\/?page_id=702"},"modified":"2020-10-18T20:51:26","modified_gmt":"2020-10-18T18:51:26","slug":"trucs-qui-flinguent","status":"publish","type":"page","link":"https:\/\/gryff-et-pitaine.fr\/?page_id=702","title":{"rendered":"Trucs qui flinguent"},"content":{"rendered":"<p><!-- Global site tag (gtag.js) - Google Analytics --><img loading=\"lazy\" decoding=\"async\" class=\"wp-image-4796 aligncenter\" src=\"http:\/\/gryff-et-pitaine.fr\/wp-content\/uploads\/2020\/01\/image-\u00e0-John-823x1024.png\" alt=\"\" width=\"346\" height=\"430\" srcset=\"https:\/\/gryff-et-pitaine.fr\/wp-content\/uploads\/2020\/01\/image-\u00e0-John-823x1024.png 823w, https:\/\/gryff-et-pitaine.fr\/wp-content\/uploads\/2020\/01\/image-\u00e0-John-241x300.png 241w, https:\/\/gryff-et-pitaine.fr\/wp-content\/uploads\/2020\/01\/image-\u00e0-John-768x956.png 768w, https:\/\/gryff-et-pitaine.fr\/wp-content\/uploads\/2020\/01\/image-\u00e0-John-1234x1536.png 1234w, https:\/\/gryff-et-pitaine.fr\/wp-content\/uploads\/2020\/01\/image-\u00e0-John-1646x2048.png 1646w, https:\/\/gryff-et-pitaine.fr\/wp-content\/uploads\/2020\/01\/image-\u00e0-John.png 1656w\" sizes=\"auto, (max-width: 346px) 100vw, 346px\" \/><br \/>\n<script async=\"\" src=\"https:\/\/www.googletagmanager.com\/gtag\/js?id=UA-130897437-1\"><\/script><br \/>\n<script><br \/>\n  window.dataLayer = window.dataLayer || [];<br \/>\n  function gtag(){dataLayer.push(arguments);}<br \/>\n  gtag('js', new Date());<\/p>\n<\/p>\n<\/p>\n<\/p>\n<\/p>\n<\/p>\n<\/p>\n<\/p>\n<\/p>\n<p>  gtag('config', 'UA-130897437-1');<br \/>\n<\/script><\/p>\n<p>Le Stacato des mitrailleuses? Le Cri des blasters? Le Rugissement des Moteurs?<\/p>\n<p>Bienvenus dans notre section Moderne, science fiction, steampunk et tout ce qui flingue!<\/p>\n<p><a href=\"http:\/\/gryff-et-pitaine.fr\/?page_id=5506\">Bolt Action<\/a>, Syst\u00e8me de jeu pour la seconde guerre Mondiale! Pr\u00e9parez vous \u00e0 entendre rugir les Panzer et retentir les Katyusha!<\/p>\n<p><a href=\"http:\/\/gryff-et-pitaine.fr\/?page_id=159\">Infinity<\/a> Un univers de SF plus anticipation que Space Op\u00e9ra propice \u00e0 des sc\u00e8nes dignes de films que nous aimons assaisonner \u00e0 la sauce cyberpunk, mais aussi Chtulu, Zombies, Mangas..<\/p>\n<p><a href=\"http:\/\/gryff-et-pitaine.fr\/?page_id=227\">Warhammer 40K<\/a> Encore un qu&rsquo;on ne pr\u00e9sente plus! Mais on le fait quand m\u00eame si vous suivez le lien!<\/p>\n<p><a href=\"http:\/\/gryff-et-pitaine.fr\/?page_id=165\">Warzone II, le Retour!<\/a> Et oui, encore un jeu qui rel\u00e8ve limite de l&rsquo;arch\u00e9ologie! Des combats en escouades o\u00f9 les fantassins sont tr\u00e8s libres, donc tr\u00e8s tactiques, dans un futur pas tr\u00e8s roses (sinon on ne se battrait pas tient!)<\/p>\n","protected":false},"excerpt":{"rendered":"<p>Le Stacato des mitrailleuses? Le Cri des blasters? Le Rugissement des Moteurs? Bienvenus dans notre section Moderne, science fiction, steampunk et tout ce qui flingue! Bolt Action, Syst\u00e8me de jeu<\/p>\n<p class=\"more-link\"><a href=\"https:\/\/gryff-et-pitaine.fr\/?page_id=702\" class=\"readmore\">Lire la suite&#8230;<span class=\"screen-reader-text\">Trucs qui flinguent<\/span><\/a><\/p>\n","protected":false},"author":2,"featured_media":0,"parent":2,"menu_order":2,"comment_status":"closed","ping_status":"closed","template":"","meta":{"footnotes":""},"class_list":["post-702","page","type-page","status-publish","hentry"],"_links":{"self":[{"href":"https:\/\/gryff-et-pitaine.fr\/index.php?rest_route=\/wp\/v2\/pages\/702","targetHints":{"allow":["GET"]}}],"collection":[{"href":"https:\/\/gryff-et-pitaine.fr\/index.php?rest_route=\/wp\/v2\/pages"}],"about":[{"href":"https:\/\/gryff-et-pitaine.fr\/index.php?rest_route=\/wp\/v2\/types\/page"}],"author":[{"embeddable":true,"href":"https:\/\/gryff-et-pitaine.fr\/index.php?rest_route=\/wp\/v2\/users\/2"}],"replies":[{"embeddable":true,"href":"https:\/\/gryff-et-pitaine.fr\/index.php?rest_route=%2Fwp%2Fv2%2Fcomments&post=702"}],"version-history":[{"count":11,"href":"https:\/\/gryff-et-pitaine.fr\/index.php?rest_route=\/wp\/v2\/pages\/702\/revisions"}],"predecessor-version":[{"id":5831,"href":"https:\/\/gryff-et-pitaine.fr\/index.php?rest_route=\/wp\/v2\/pages\/702\/revisions\/5831"}],"up":[{"embeddable":true,"href":"https:\/\/gryff-et-pitaine.fr\/index.php?rest_route=\/wp\/v2\/pages\/2"}],"wp:attachment":[{"href":"https:\/\/gryff-et-pitaine.fr\/index.php?rest_route=%2Fwp%2Fv2%2Fmedia&parent=702"}],"curies":[{"name":"wp","href":"https:\/\/api.w.org\/{rel}","templated":true}]}}