{"id":696,"date":"2018-12-08T14:23:03","date_gmt":"2018-12-08T13:23:03","guid":{"rendered":"http:\/\/gryff-et-pitaine.fr\/?page_id=696"},"modified":"2020-10-18T20:55:53","modified_gmt":"2020-10-18T18:55:53","slug":"les-trucs-qui-tapent","status":"publish","type":"page","link":"https:\/\/gryff-et-pitaine.fr\/?page_id=696","title":{"rendered":"Les trucs qui tapent"},"content":{"rendered":"<p><!-- Global site tag (gtag.js) - Google Analytics --><img loading=\"lazy\" decoding=\"async\" class=\"size-full wp-image-1939 aligncenter\" src=\"http:\/\/gryff-et-pitaine.fr\/wp-content\/uploads\/2019\/02\/Blason_p2.png\" alt=\"\" width=\"200\" height=\"230\" \/><br \/>\n<script async=\"\" src=\"https:\/\/www.googletagmanager.com\/gtag\/js?id=UA-130897437-1\"><\/script><br \/>\n<script><br \/>\n  window.dataLayer = window.dataLayer || [];<br \/>\n  function gtag(){dataLayer.push(arguments);}<br \/>\n  gtag('js', new Date());<\/p>\n<\/p>\n<\/p>\n<\/p>\n<\/p>\n<\/p>\n<\/p>\n<\/p>\n<\/p>\n<\/p>\n<\/p>\n<\/p>\n<\/p>\n<\/p>\n<\/p>\n<\/p>\n<\/p>\n<\/p>\n<\/p>\n<\/p>\n<\/p>\n<\/p>\n<\/p>\n<\/p>\n<\/p>\n<\/p>\n<\/p>\n<\/p>\n<\/p>\n<\/p>\n<\/p>\n<\/p>\n<\/p>\n<p>  gtag('config', 'UA-130897437-1');<br \/>\n<\/script><\/p>\n<p>Rien ne vaut une bonne explication \u00e0 grands coups d&rsquo;\u00e9p\u00e9e, le choc des boucliers, les h\u00e9ros \u00e9piques et autres flammes draconiques!<\/p>\n<p>C&rsquo;est ici que vous trouverez votre Bonheur!<\/p>\n<p>Nos Sections:<\/p>\n<p><a href=\"http:\/\/gryff-et-pitaine.fr\/?page_id=420\">Confrontation<\/a> L&rsquo;univers d&rsquo;Aarklash. Escarmouches fantastiques, exp\u00e9riences g\u00e9n\u00e9tiques et peuples oubli\u00e9s.<\/p>\n<p><a href=\"http:\/\/gryff-et-pitaine.fr\/?page_id=5643\">Retour des Dieux et Chroniques De la Lune Noire<\/a>, que ce soit lors du Retours des Dieux o\u00f9 dans l&rsquo;univers des Chroniques de la Lune Noire, l&rsquo;ont fourbis les armes car la guerre est sur le point d&rsquo;\u00e9clater, en format escarmouche avec des figurines finement d\u00e9taill\u00e9e!<\/p>\n<p><a href=\"http:\/\/gryff-et-pitaine.fr\/?page_id=233\">Fury Outburst Control<\/a>, Un Jeu d&rsquo;escarmouche \u00e0 l&rsquo;univers inclassable, entre Steam, SF, Med&rsquo;Fan&#8230;tant que \u00e7a latte!<\/p>\n<p><a href=\"http:\/\/gryff-et-pitaine.fr\/?page_id=172\">Warhammer<\/a> On ne pr\u00e9sente plus le grand classique (soi-disant mort). Les batailles rang\u00e9es sont \u00e0 l&rsquo;honneur, avec des gobelins par dizaines, dans un monde sombre, d\u00e9sesp\u00e9r\u00e9 et parfois juste compl\u00e8tement barr\u00e9!<\/p>\n<p>Et si vous \u00eates en manque, n&rsquo;h\u00e9sitez pas \u00e0 visiter la page de notre WebMistress pour un peu de rab avec ses br\u00e8ves sur le Retour des Dieux\/Chronique de la Lune Noire!<\/p>\n<p><a href=\"http:\/\/gryff-et-pitaine.fr\/?page_id=52\">Br\u00e8ves de bataille de Wanda<\/a><\/p>\n<p>&nbsp;<\/p>\n","protected":false},"excerpt":{"rendered":"<p>Rien ne vaut une bonne explication \u00e0 grands coups d&rsquo;\u00e9p\u00e9e, le choc des boucliers, les h\u00e9ros \u00e9piques et autres flammes draconiques! C&rsquo;est ici que vous trouverez votre Bonheur! Nos Sections:<\/p>\n<p class=\"more-link\"><a href=\"https:\/\/gryff-et-pitaine.fr\/?page_id=696\" class=\"readmore\">Lire la suite&#8230;<span class=\"screen-reader-text\">Les trucs qui tapent<\/span><\/a><\/p>\n","protected":false},"author":2,"featured_media":1935,"parent":2,"menu_order":1,"comment_status":"closed","ping_status":"closed","template":"","meta":{"footnotes":""},"class_list":["post-696","page","type-page","status-publish","has-post-thumbnail","hentry"],"_links":{"self":[{"href":"https:\/\/gryff-et-pitaine.fr\/index.php?rest_route=\/wp\/v2\/pages\/696","targetHints":{"allow":["GET"]}}],"collection":[{"href":"https:\/\/gryff-et-pitaine.fr\/index.php?rest_route=\/wp\/v2\/pages"}],"about":[{"href":"https:\/\/gryff-et-pitaine.fr\/index.php?rest_route=\/wp\/v2\/types\/page"}],"author":[{"embeddable":true,"href":"https:\/\/gryff-et-pitaine.fr\/index.php?rest_route=\/wp\/v2\/users\/2"}],"replies":[{"embeddable":true,"href":"https:\/\/gryff-et-pitaine.fr\/index.php?rest_route=%2Fwp%2Fv2%2Fcomments&post=696"}],"version-history":[{"count":16,"href":"https:\/\/gryff-et-pitaine.fr\/index.php?rest_route=\/wp\/v2\/pages\/696\/revisions"}],"predecessor-version":[{"id":5832,"href":"https:\/\/gryff-et-pitaine.fr\/index.php?rest_route=\/wp\/v2\/pages\/696\/revisions\/5832"}],"up":[{"embeddable":true,"href":"https:\/\/gryff-et-pitaine.fr\/index.php?rest_route=\/wp\/v2\/pages\/2"}],"wp:featuredmedia":[{"embeddable":true,"href":"https:\/\/gryff-et-pitaine.fr\/index.php?rest_route=\/wp\/v2\/media\/1935"}],"wp:attachment":[{"href":"https:\/\/gryff-et-pitaine.fr\/index.php?rest_route=%2Fwp%2Fv2%2Fmedia&parent=696"}],"curies":[{"name":"wp","href":"https:\/\/api.w.org\/{rel}","templated":true}]}}