{"id":5957,"date":"2021-03-31T19:21:14","date_gmt":"2021-03-31T17:21:14","guid":{"rendered":"http:\/\/gryff-et-pitaine.fr\/?page_id=5957"},"modified":"2022-01-04T18:43:11","modified_gmt":"2022-01-04T17:43:11","slug":"la-gloire-de-lasimov","status":"publish","type":"page","link":"https:\/\/gryff-et-pitaine.fr\/?page_id=5957","title":{"rendered":"La Gloire de l&rsquo;Asimov"},"content":{"rendered":"<p><strong>Quitte \u00e0 \u00eatre confin\u00e9, autant l&rsquo;\u00eatre dans l&rsquo;Espace. Un croiseur Imp\u00e9rial enfin socl\u00e9, quelques vaisseaux \u00e0 lui opposer, une carte de secteur fait main (et refaite en plus Joli par Wanda), une r\u00e9\u00e9criture des r\u00e8gles de campagne de Battlefleet Gothic pour int\u00e9grer un format diff\u00e9rent et le comportement al\u00e9atoire des PNJs et me voil\u00e0 avec de quoi m&rsquo;amuser quelques semaines. Place \u00e0 l&rsquo;action!<br \/>\n<\/strong><\/p>\n<p>Explor\u00e9e par le Trafiquant du m\u00eame nom, l&rsquo;\u00e9tendue Clovis appartient de Jure au secteur voisin de Lombardia. Cette marge tr\u00e8s peu dens\u00e9ment peupl\u00e9e est relativement \u00e0 l&rsquo;\u00e9cart du secteur et peu fr\u00e9quent\u00e9e. Elle ne compte que peu de syst\u00e8mes d&rsquo;int\u00e9r\u00eat, \u00e0 savoir Merov\u00e9e un monde civilis\u00e9, Camberra une colonie p\u00e9nale, la station de recherche M\u00e9thraton et la plan\u00e8te fronti\u00e8re Hildegarde. Le dernier point d&rsquo;int\u00e9r\u00eat \u00e9tant le syst\u00e8me Salien, inhabit\u00e9, mais strat\u00e9gique.<\/p>\n<p><img loading=\"lazy\" decoding=\"async\" class=\"alignnone size-full wp-image-5955\" src=\"http:\/\/gryff-et-pitaine.fr\/wp-content\/uploads\/2021\/03\/Etendu-Clovis-Map.png\" alt=\"\" width=\"322\" height=\"300\" srcset=\"https:\/\/gryff-et-pitaine.fr\/wp-content\/uploads\/2021\/03\/Etendu-Clovis-Map.png 322w, https:\/\/gryff-et-pitaine.fr\/wp-content\/uploads\/2021\/03\/Etendu-Clovis-Map-300x280.png 300w\" sizes=\"auto, (max-width: 322px) 100vw, 322px\" \/><br \/>\n<em>L&rsquo;\u00e9tendue de Clovis, juste \u00e0 gauche en sortant du Warp&#8230;<\/em><\/p>\n<p>Plus d&rsquo;info sur <a href=\"http:\/\/gryff-et-pitaine.fr\/?p=5960\">L\u2019\u00e9tendue de Clovis.<\/a><\/p>\n<p>Le Croiseur Dictator Isaac Asimov, de la flotte Lombardia \u00e0 \u00e9t\u00e9 envoy\u00e9 effectuer une patrouille dans l&rsquo;\u00e9tendue Clovis \u00e0 fin de rappeler le bon souvenir de l&rsquo;Imp\u00e9rium \u00e0 ses mondes isol\u00e9s. Il est charg\u00e9 de visiter les trois syst\u00e8mes peupl\u00e9s de M\u00e9rov\u00e9e, Cambera et Hildegarde, de r\u00e9pondre \u00e0 tout appel de d\u00e9tresse et de se rendre jusque dans le Syst\u00e8me Salien pour v\u00e9rifier que nul pirates, x\u00e9nos ou h\u00e9r\u00e9tique ne s&rsquo;y soient install\u00e9s.<\/p>\n<p><img loading=\"lazy\" decoding=\"async\" class=\"alignnone size-full wp-image-5958\" src=\"http:\/\/gryff-et-pitaine.fr\/wp-content\/uploads\/2021\/03\/Vaisseau2.png\" alt=\"\" width=\"400\" height=\"270\" srcset=\"https:\/\/gryff-et-pitaine.fr\/wp-content\/uploads\/2021\/03\/Vaisseau2.png 400w, https:\/\/gryff-et-pitaine.fr\/wp-content\/uploads\/2021\/03\/Vaisseau2-300x203.png 300w\" sizes=\"auto, (max-width: 400px) 100vw, 400px\" \/><br \/>\n<em>On dirait pas comme \u00e7a, mais y&rsquo;a du PQ pour 6 mois \u00e0 bord.<\/em><\/p>\n<p>Le Croiseur a \u00e9t\u00e9 choisi pour sa capacit\u00e9 \u00e0 op\u00e9rer seul, gr\u00e2ce \u00e0 ses a\u00e9ronefs embarqu\u00e9s et son tonnage \u00e0 m\u00eame d&rsquo;intimider les populations locales si n\u00e9cessaire.<\/p>\n<p><em><strong><a href=\"http:\/\/gryff-et-pitaine.fr\/?p=5973\">Mauvaise Surprise dans le Syst\u00e8me Salien<\/a><br \/>\n<\/strong><\/em><em>Apr\u00e8s un passage sans histoire dans les syst\u00e8mes M\u00e9rov\u00e9e et Hildegarde, l&rsquo;Isaac Asimov se rend dans le syst\u00e8me Salien. Mais au lieu de n&rsquo;y trouver que le vide de l&rsquo;Espace, c&rsquo;est bien un groupe d&rsquo;escorteur Xenos de Type inconnu auquel le croiseur est confront\u00e9. Loin d&rsquo;\u00eatre intimid\u00e9s par la masse du L\u00e9viathan Imp\u00e9rial, les vaisseaux agiles passent \u00e0 l&rsquo;attaque !<\/em><\/p>\n<p><script src=\"moz-extension:\/\/e4930a99-da3a-490d-b2d5-2a5b6d56273c\/inject-scripts\/searchvideos.js\" async=\"\"><\/script><\/p>\n<p>&nbsp;<\/p>\n<p><em>Suite \u00e0 ce premier accrochage les Astropathes de l&rsquo;Isaac Asimov envois un message d&rsquo;alerte, bien vite relay\u00e9 jusqu&rsquo;au secteur Lombardia par le c\u0153ur Astropathique de M\u00e9rov\u00e9e. Sur cette derni\u00e8re plan\u00e8te, l&rsquo;ambiance est \u00e0 l&rsquo;incr\u00e9dulit\u00e9. L&rsquo;\u00e9tendue \u00e0 toujours \u00e9t\u00e9 calme et d\u00e9pourvue de pirates ou de Xenos. Certains envisage m\u00eame une fausse alerte visant \u00e0 faire relever le niveau de d\u00eeme Imp\u00e9riale. <\/em><em>Mais le Seigneur Arkon, prudent, d\u00e9cide tout de m\u00eame de mettre sa plate forme d&rsquo;armes orbitale en alerte ainsi que sa force de d\u00e9fense plan\u00e9taire.<\/em><\/p>\n<p><em>Sur Camberra, si le gouverneur est tout pr\u00eat \u00e0 croire \u00e0 la sinc\u00e9rit\u00e9 du Capitaine de l&rsquo;Isaac Asimov, il craint que l&rsquo;annonce de la menace aboutisse \u00e0 une mutinerie et d\u00e9laye la mise en alerte de ses forces.<\/em><\/p>\n<p><em>La Station M\u00e9thraton ne s&#8217;embarrasse pas de ces altermoiment et d\u00e8s le message re\u00e7u, sa mise en d\u00e9fense est effective.<\/em><\/p>\n<p><em>Quand \u00e0 Hildegarde, elle reste muette. Nul ne sait si elle as bien re\u00e7u l&rsquo;Alerte. Son c\u0153ur Astropathique est connu pour \u00eatre bien plus faible que ceux des autres mondes.<\/em><\/p>\n<p style=\"text-align: center;\">Premi\u00e8re phase.<\/p>\n<p>L&rsquo;Isaac Asimov lui s&rsquo;est dirig\u00e9 vers le syst\u00e8me Methraton, pour v\u00e9rifier si le message d&rsquo;Alerte \u00e0 \u00e9t\u00e9 diffus\u00e9 et le cas \u00e9chant emp\u00eacher une attaque pr\u00e9coce de rayer le Mechanicum de l&rsquo;Equation avant qu&rsquo;il n&rsquo;ai eu le temps de se pr\u00e9parer au conflit.<\/p>\n<p><a href=\"http:\/\/gryff-et-pitaine.fr\/?p=6030\">Contact \u00e0 Methraton<\/a><\/p>\n<p>La Victoire, bien que co\u00fbteuse est dans le camps de l&rsquo;Imperium. Mais le warp livre de funeste nouvelles au ma\u00eetre Astropathe de Bord. Une seconde Flotille Xenos s&rsquo;est pr\u00e9sent\u00e9 \u00e0 Hildegarde et en l&rsquo;absence de d\u00e9fense orbitale, \u00e0 pris le contr\u00f4le du Syst\u00e8me!<\/p>\n<p>&nbsp;<\/p>\n<p style=\"text-align: center;\">Seconde Phase<\/p>\n<p>L&rsquo;Isaac Asimov r\u00e9pare une partie des dommages qui lui ont \u00e9t\u00e9 inflig\u00e9 avant de se rendre dans le syst\u00e8me de Camberra, afin notament de recompl\u00e9ter son \u00e9quipages en recrutant des for\u00e7ats. C&rsquo;est l\u00e0 qu&rsquo;il sera de nouveau confront\u00e9 aux aliens qui tentent de s&#8217;emparer de la colonie p\u00e9nale.<\/p>\n<p><a href=\"http:\/\/gryff-et-pitaine.fr\/?p=6112\">La Foudre Tombe sur Camberra<\/a><\/p>\n<p>Si Camberra compte sur l&rsquo;Asimov pour la d\u00e9fendre, dans le m\u00eame temps, M\u00e9rov\u00e9e est livr\u00e9e \u00e0 elle m\u00eame. Mais la plan\u00e8te dispose de ressource bien plus importante que la colonie p\u00e9nale et ses habitants sont d\u00e9cid\u00e9 \u00e0 ne rien l\u00e2cher!<\/p>\n<p><a href=\"http:\/\/gryff-et-pitaine.fr\/?p=6225\">Merov\u00e9e Seule face \u00e0 l\u2019Invasion<\/a><\/p>\n<p style=\"text-align: center;\">Troisi\u00e8me Phase<\/p>\n<p>L&rsquo;\u00e9tau alien se resserre sur les mondes Humains de l&rsquo;Etendue de Clovis. M\u00e9rov\u00e9e doit pourtant \u00eatre sauv\u00e9e \u00e0 tout prix pour que la reconqu\u00eate soit possible!<\/p>\n<p><a href=\"http:\/\/gryff-et-pitaine.fr\/?p=6296\">Retour \u00e0 M\u00e9rov\u00e9e<\/a><\/p>\n<p>Mais alors que l&rsquo;Asimov lutte \u00e0 M\u00e9rov\u00e9e, L&rsquo;avant Poste du Mechanicum, Methraton, doit faire face seul \u00e0 un nouvel assaut!<\/p>\n<p><a href=\"http:\/\/gryff-et-pitaine.fr\/?p=6300\">Pour le Dieu Machine!<\/a><\/p>\n<p style=\"text-align: center;\">Quatri\u00e8me Phase<\/p>\n<p>Ce n&rsquo;est pas parce qu&rsquo;un monde n&rsquo;est peupl\u00e9 que de repris de justice qu&rsquo;il n&rsquo;est pas un monde Imp\u00e9rial! Le Croiseur Asimov fait route pour lib\u00e9rer Camberra!<\/p>\n<p><a href=\"http:\/\/gryff-et-pitaine.fr\/?p=6611\">La Frappe sur Camberra<\/a><\/p>\n<p>A peine l&rsquo;Asimov partit, les Xenos sont de retour sur M\u00e9rov\u00e9e, avec encore une fois, pour seul rempart entre les extraterrestres et la population, les forces de d\u00e9fense plan\u00e9taires.<\/p>\n<p><a href=\"http:\/\/gryff-et-pitaine.fr\/?p=6662\">Le retour des Xenos<\/a><\/p>\n<p>M\u00e9rov\u00e9e n&rsquo;est pas la seule cible de l&rsquo;acharnement Xenos. Une flotte r\u00e9duite as \u00e9t\u00e9 envoy\u00e9 pour en finir avec l&rsquo;aga\u00e7ante station de Methraton que les envahisseurs avait laiss\u00e9 en sale \u00e9tat.<\/p>\n<p><a href=\"http:\/\/gryff-et-pitaine.fr\/?p=6690\">Methraton indomptable.<\/a><\/p>\n<p>&nbsp;<\/p>\n<p>Cinqui\u00e8me Phase<\/p>\n<p>Alors que l&rsquo;espoir renait dans le camps Imperial \u00e0 l&rsquo;approche de la Flotte Lombardia, Methraton est victime d&rsquo;un assaut de la derni\u00e8re chance&#8230;<\/p>\n<p><a href=\"http:\/\/gryff-et-pitaine.fr\/?p=7279\">Dernier Assaut sur Methraton<\/a><\/p>\n<p>Pour son Dernier combat de la campagne, l&rsquo;Asimov a re\u00e7u l&rsquo;ordre de se porter au secours de la seule plan\u00e8te qui vaille: M\u00e9rov\u00e9e.<\/p>\n<p><a href=\"http:\/\/gryff-et-pitaine.fr\/?p=7350\">Le salut de M\u00e9rov\u00e9e<\/a><\/p>\n<p>Fin de la campagne<\/p>\n<p><a href=\"http:\/\/gryff-et-pitaine.fr\/?p=7357\">Conclusion<\/a><\/p>\n","protected":false},"excerpt":{"rendered":"<p>Quitte \u00e0 \u00eatre confin\u00e9, autant l&rsquo;\u00eatre dans l&rsquo;Espace. Un croiseur Imp\u00e9rial enfin socl\u00e9, quelques vaisseaux \u00e0 lui opposer, une carte de secteur fait main (et refaite en plus Joli par<\/p>\n<p class=\"more-link\"><a href=\"https:\/\/gryff-et-pitaine.fr\/?page_id=5957\" class=\"readmore\">Lire la suite&#8230;<span class=\"screen-reader-text\">La Gloire de l&rsquo;Asimov<\/span><\/a><\/p>\n","protected":false},"author":2,"featured_media":0,"parent":227,"menu_order":0,"comment_status":"closed","ping_status":"closed","template":"","meta":{"footnotes":""},"class_list":["post-5957","page","type-page","status-publish","hentry"],"_links":{"self":[{"href":"https:\/\/gryff-et-pitaine.fr\/index.php?rest_route=\/wp\/v2\/pages\/5957","targetHints":{"allow":["GET"]}}],"collection":[{"href":"https:\/\/gryff-et-pitaine.fr\/index.php?rest_route=\/wp\/v2\/pages"}],"about":[{"href":"https:\/\/gryff-et-pitaine.fr\/index.php?rest_route=\/wp\/v2\/types\/page"}],"author":[{"embeddable":true,"href":"https:\/\/gryff-et-pitaine.fr\/index.php?rest_route=\/wp\/v2\/users\/2"}],"replies":[{"embeddable":true,"href":"https:\/\/gryff-et-pitaine.fr\/index.php?rest_route=%2Fwp%2Fv2%2Fcomments&post=5957"}],"version-history":[{"count":20,"href":"https:\/\/gryff-et-pitaine.fr\/index.php?rest_route=\/wp\/v2\/pages\/5957\/revisions"}],"predecessor-version":[{"id":7359,"href":"https:\/\/gryff-et-pitaine.fr\/index.php?rest_route=\/wp\/v2\/pages\/5957\/revisions\/7359"}],"up":[{"embeddable":true,"href":"https:\/\/gryff-et-pitaine.fr\/index.php?rest_route=\/wp\/v2\/pages\/227"}],"wp:attachment":[{"href":"https:\/\/gryff-et-pitaine.fr\/index.php?rest_route=%2Fwp%2Fv2%2Fmedia&parent=5957"}],"curies":[{"name":"wp","href":"https:\/\/api.w.org\/{rel}","templated":true}]}}