{"id":52,"date":"2018-11-24T23:26:56","date_gmt":"2018-11-24T22:26:56","guid":{"rendered":"http:\/\/gryff-et-pitaine.fr\/?page_id=52"},"modified":"2021-04-06T18:43:26","modified_gmt":"2021-04-06T16:43:26","slug":"nos-armees","status":"publish","type":"page","link":"https:\/\/gryff-et-pitaine.fr\/?page_id=52","title":{"rendered":"R\u00e9cits de guerre de Wanda"},"content":{"rendered":"BIENT\u00d4T en ligne\r\n<a href=\"http:\/\/gryff-et-pitaine.fr\/?page_id=2664\">[Bolt Action] Printemps 2019-2020 &#8211; Campagne IWO JIMOV<\/a><a href=\"http:\/\/gryff-et-pitaine.fr\/?page_id=2664\">\r\nRapport de bataille Sovi\u00e9tiques vs Japonais <img loading=\"lazy\" decoding=\"async\" class=\"alignnone wp-image-3106\" src=\"http:\/\/gryff-et-pitaine.fr\/wp-content\/uploads\/2019\/06\/DSCF2980-.jpg\" alt=\"\" width=\"578\" height=\"361\" srcset=\"https:\/\/gryff-et-pitaine.fr\/wp-content\/uploads\/2019\/06\/DSCF2980-.jpg 1483w, https:\/\/gryff-et-pitaine.fr\/wp-content\/uploads\/2019\/06\/DSCF2980--300x187.jpg 300w, https:\/\/gryff-et-pitaine.fr\/wp-content\/uploads\/2019\/06\/DSCF2980--768x479.jpg 768w, https:\/\/gryff-et-pitaine.fr\/wp-content\/uploads\/2019\/06\/DSCF2980--1024x639.jpg 1024w\" sizes=\"auto, (max-width: 578px) 100vw, 578px\" \/><\/a>\r\n\r\n<a href=\"http:\/\/gryff-et-pitaine.fr\/?p=4764\">[Bolt Action] Hiver 2019\r\nItaliens (Wanda) vs Fran\u00e7ais\/tirailleurs coloniaux (Nico)\r\n<img loading=\"lazy\" decoding=\"async\" class=\"alignnone wp-image-5451\" src=\"http:\/\/gryff-et-pitaine.fr\/wp-content\/uploads\/2020\/07\/20191207_155127-scaled.jpg\" alt=\"\" width=\"582\" height=\"776\" srcset=\"https:\/\/gryff-et-pitaine.fr\/wp-content\/uploads\/2020\/07\/20191207_155127-scaled.jpg 1920w, https:\/\/gryff-et-pitaine.fr\/wp-content\/uploads\/2020\/07\/20191207_155127-225x300.jpg 225w, https:\/\/gryff-et-pitaine.fr\/wp-content\/uploads\/2020\/07\/20191207_155127-768x1024.jpg 768w, https:\/\/gryff-et-pitaine.fr\/wp-content\/uploads\/2020\/07\/20191207_155127-1152x1536.jpg 1152w, https:\/\/gryff-et-pitaine.fr\/wp-content\/uploads\/2020\/07\/20191207_155127-1536x2048.jpg 1536w\" sizes=\"auto, (max-width: 582px) 100vw, 582px\" \/><\/a>\r\n\r\n<em>BIENT\u00d4T en ligne<\/em>\r\n<span style=\"color: #ffffff;\">[Bolt Action] Hiver 2019 &#8211; Russes (Wanda) vs Allemands (Pat) 2\u00e8me GM<\/span><img loading=\"lazy\" decoding=\"async\" class=\"alignnone wp-image-5450\" src=\"http:\/\/gryff-et-pitaine.fr\/wp-content\/uploads\/2020\/07\/DSCF7668-rotated.jpg\" alt=\"\" width=\"579\" height=\"772\" srcset=\"https:\/\/gryff-et-pitaine.fr\/wp-content\/uploads\/2020\/07\/DSCF7668-rotated.jpg 1200w, https:\/\/gryff-et-pitaine.fr\/wp-content\/uploads\/2020\/07\/DSCF7668-225x300.jpg 225w, https:\/\/gryff-et-pitaine.fr\/wp-content\/uploads\/2020\/07\/DSCF7668-768x1024.jpg 768w, https:\/\/gryff-et-pitaine.fr\/wp-content\/uploads\/2020\/07\/DSCF7668-1152x1536.jpg 1152w\" sizes=\"auto, (max-width: 579px) 100vw, 579px\" \/>\r\n\r\n[CDLN] Chroniques de la Lune Noire<img loading=\"lazy\" decoding=\"async\" class=\"alignnone wp-image-1310\" src=\"http:\/\/gryff-et-pitaine.fr\/wp-content\/uploads\/2018\/12\/DSCF7890-.jpg\" alt=\"\" width=\"576\" height=\"362\" srcset=\"https:\/\/gryff-et-pitaine.fr\/wp-content\/uploads\/2018\/12\/DSCF7890-.jpg 3375w, https:\/\/gryff-et-pitaine.fr\/wp-content\/uploads\/2018\/12\/DSCF7890--300x189.jpg 300w, https:\/\/gryff-et-pitaine.fr\/wp-content\/uploads\/2018\/12\/DSCF7890--768x483.jpg 768w, https:\/\/gryff-et-pitaine.fr\/wp-content\/uploads\/2018\/12\/DSCF7890--1024x644.jpg 1024w\" sizes=\"auto, (max-width: 576px) 100vw, 576px\" \/>\r\n\r\n<a href=\"http:\/\/gryff-et-pitaine.fr\/?page_id=5461\">D\u00c9LIRES EN VRAC<\/a>\r\n\r\n2021 &#8211; \u00ab\u00a0JC le Spino\u00a0\u00bb, beta-testeur de d\u00e9cors de figurines\r\n2021 &#8211; C&rsquo;est pas moi, c&rsquo;est lui!\u00a0 Les nouvelles troupes allemandes pour Bolt Action\r\n2020 &#8211; Exclusif: <a href=\"http:\/\/gryff-et-pitaine.fr\/?p=5395\">des cours de Villains<\/a>\r\nDes parodies : Med-Fan, de Bolt Action et de BDs, <a href=\"http:\/\/gryff-et-pitaine.fr\/?page_id=2667\">les citations \u00e9piques de Pitaine<\/a>\r\n\u00c9t\u00e9 2020 &#8211; <a href=\"http:\/\/gryff-et-pitaine.fr\/?p=5393\">Les contes de Mr Feunard.<\/a> Avec des vrais \u00ab\u00a0histoires sur les chars\u00a0\u00bb pour s&rsquo;endormir le soir\r\n2020 &#8211; Des fiches : sur la strat\u00e9gie Russe (World of Tank et Bolt Action) <em>&#8211; en cours &#8211;<\/em>\r\n2020- Jeu-Test: reconnaitrez-vous ces <a href=\"http:\/\/gryff-et-pitaine.fr\/?p=5427\">c\u00e9l\u00e8bres peintures<\/a>? <em>&#8211; en cours &#8211;<\/em>\r\n\u00c9t\u00e9 2020 &#8211; <a href=\"http:\/\/gryff-et-pitaine.fr\/?p=5383\">Quand 7 Gobelins passent par la taverne du Kraken<\/a>,\r\n\u00ab\u00a0passent\u00a0\u00bb dans un palais et d\u00e9couvrent l&rsquo;\u00e9nigme de Pataklop la pyramide\r\n2019-2020 &#8211; <a href=\"http:\/\/gryff-et-pitaine.fr\/?page_id=2669\"><span style=\"color: #ffffff;\">Gorka Morka <\/span><\/a>et <a href=\"http:\/\/gryff-et-pitaine.fr\/?p=1996\"><span style=\"color: #ffffff;\">le clan de Cardinork<\/span><\/a>\r\n2019-2020 &#8211; <span style=\"color: #ffffff;\"><a href=\"http:\/\/gryff-et-pitaine.fr\/?page_id=2677\">Les aventures des Purples<\/a>,<\/span> des trafiquants et des orcs!\r\n\r\n\r\n\r\n<script src=\"moz-extension:\/\/e4930a99-da3a-490d-b2d5-2a5b6d56273c\/inject-scripts\/searchvideos.js\" async=\"\"><\/script>\r\n\r\n<script src=\"moz-extension:\/\/e4930a99-da3a-490d-b2d5-2a5b6d56273c\/inject-scripts\/searchvideos.js\" async=\"\"><\/script>\r\n\r\n<script src=\"moz-extension:\/\/e4930a99-da3a-490d-b2d5-2a5b6d56273c\/inject-scripts\/searchvideos.js\" async=\"\"><\/script><!-- \/wp:post-content -->","protected":false},"excerpt":{"rendered":"<p>BIENT\u00d4T en ligne [Bolt Action] Printemps 2019-2020 &#8211; Campagne IWO JIMOV Rapport de bataille Sovi\u00e9tiques vs Japonais [Bolt Action] Hiver 2019 Italiens (Wanda) vs Fran\u00e7ais\/tirailleurs coloniaux (Nico) BIENT\u00d4T en ligne<\/p>\n<p class=\"more-link\"><a href=\"https:\/\/gryff-et-pitaine.fr\/?page_id=52\" class=\"readmore\">Lire la suite&#8230;<span class=\"screen-reader-text\">R\u00e9cits de guerre de Wanda<\/span><\/a><\/p>\n","protected":false},"author":1,"featured_media":2245,"parent":2,"menu_order":6,"comment_status":"closed","ping_status":"closed","template":"","meta":{"footnotes":""},"class_list":["post-52","page","type-page","status-publish","has-post-thumbnail","hentry"],"_links":{"self":[{"href":"https:\/\/gryff-et-pitaine.fr\/index.php?rest_route=\/wp\/v2\/pages\/52","targetHints":{"allow":["GET"]}}],"collection":[{"href":"https:\/\/gryff-et-pitaine.fr\/index.php?rest_route=\/wp\/v2\/pages"}],"about":[{"href":"https:\/\/gryff-et-pitaine.fr\/index.php?rest_route=\/wp\/v2\/types\/page"}],"author":[{"embeddable":true,"href":"https:\/\/gryff-et-pitaine.fr\/index.php?rest_route=\/wp\/v2\/users\/1"}],"replies":[{"embeddable":true,"href":"https:\/\/gryff-et-pitaine.fr\/index.php?rest_route=%2Fwp%2Fv2%2Fcomments&post=52"}],"version-history":[{"count":116,"href":"https:\/\/gryff-et-pitaine.fr\/index.php?rest_route=\/wp\/v2\/pages\/52\/revisions"}],"predecessor-version":[{"id":6024,"href":"https:\/\/gryff-et-pitaine.fr\/index.php?rest_route=\/wp\/v2\/pages\/52\/revisions\/6024"}],"up":[{"embeddable":true,"href":"https:\/\/gryff-et-pitaine.fr\/index.php?rest_route=\/wp\/v2\/pages\/2"}],"wp:featuredmedia":[{"embeddable":true,"href":"https:\/\/gryff-et-pitaine.fr\/index.php?rest_route=\/wp\/v2\/media\/2245"}],"wp:attachment":[{"href":"https:\/\/gryff-et-pitaine.fr\/index.php?rest_route=%2Fwp%2Fv2%2Fmedia&parent=52"}],"curies":[{"name":"wp","href":"https:\/\/api.w.org\/{rel}","templated":true}]}}