{"id":420,"date":"2018-12-03T01:29:03","date_gmt":"2018-12-03T00:29:03","guid":{"rendered":"http:\/\/gryff-et-pitaine.fr\/?page_id=420"},"modified":"2026-03-24T18:07:13","modified_gmt":"2026-03-24T17:07:13","slug":"confrontation","status":"publish","type":"page","link":"https:\/\/gryff-et-pitaine.fr\/?page_id=420","title":{"rendered":"Confrontation"},"content":{"rendered":"<p>Sur le Continent d&rsquo;Aarklash, de puissantes nations ont \u00e9merg\u00e9es des brumes du temps. Alors que les Voies de la Lumi\u00e8res et les M\u00e9andres des T\u00e9n\u00e8bres sont pr\u00eats \u00e0 se livrer une guerre Totale, le Ragnarok, les peuples des Chemins du Destin cherchent \u00e0 tracer leur propre route&#8230;<\/p>\n<p><a href=\"http:\/\/gryff-et-pitaine.fr\/?p=3949\">Pour aller plus loin dans le contexte, quelques factions d&rsquo;Aarklash<\/a><\/p>\n<p>Les rapports:<\/p>\n<p><a href=\"http:\/\/gryff-et-pitaine.fr\/?p=542\">[Yakusa Vs Syhar] En Traversant Avagdu<\/a> <em>Une Caravane, c&rsquo;est une cible tentante. Alors une caravane charg\u00e9e de Reliques, imaginez!<\/em><br \/>\n<a href=\"http:\/\/gryff-et-pitaine.fr\/?p=424\">Diablerie dans les \u00e9gouts, Hod sur la Br\u00e8che!<\/a> <em>O\u00f9 la Loge de Hod enqu\u00eate. Profond\u00e9ment.<\/em><br \/>\n<a href=\"http:\/\/gryff-et-pitaine.fr\/?p=1717\">Diablerie dans les \u00e9gouts, on en remet une couche!<\/a><em> D\u00e9cid\u00e9ment, y&rsquo;a du monde dans ces \u00e9gouts!<\/em><br \/>\n<a href=\"http:\/\/gryff-et-pitaine.fr\/?p=1168\">[G.A.G Vs Uraken] Vieilles Rivalit\u00e9s&#8230;<\/a> <em>Quand les deux \u00e9coles sont en concurrence sur le m\u00eame job, les gobelins n&rsquo;ont pas besoins d&rsquo;ennemis! (! soucis de photo)<\/em><br \/>\n<a href=\"http:\/\/gryff-et-pitaine.fr\/?p=3160\">[Sessair VS Yakuza] Tourisme Barbare<\/a> <em>Quand les keltois se font chier en Avagdu, c&rsquo;est mauvais pour les autres&#8230;<\/em><br \/>\n<a href=\"http:\/\/gryff-et-pitaine.fr\/?p=4599\">[Yakuza Vs Mid Nor] Les Pentes du Mont Zouhko\u00ef.<\/a> <em>On peut plus siroter un Morito tranquille sur cette \u00eele, vl\u00e0 que des poss\u00e9d\u00e9s en veulent un bout!<br \/>\n<a href=\"http:\/\/gryff-et-pitaine.fr\/?p=4960\">[Griffon VS Sessair] Rien \u00e0 d\u00e9clarer<\/a> Des Griffons tentent de Ravitailler un de leur commandant qui joue avec les susceptibilit\u00e9s Keltoises..<\/em><em>.<br \/>\n<\/em><em><a href=\"http:\/\/gryff-et-pitaine.fr\/?p=5138\">[Dirz Vs Sessair] Le Cercle de Pierre<\/a> Le vent des Dirz Souffle sur les plaines, il est temps de jeter un dernier regards sur fils, femme et domaine&#8230;<br \/>\n<a href=\"http:\/\/gryff-et-pitaine.fr\/?p=8321\">L\u2019incident du Palace<\/a> Le Seigneur Baz\u00fbka d\u00e9barque devant le Palais du Roi Knossos. Et il n&rsquo;aime pas trouver des portes closes&#8230;<br \/>\n<a href=\"https:\/\/gryff-et-pitaine.fr\/?p=11036\">[Tir Na Bor VS Da\u00efkinee] Ruines foresti\u00e8res<\/a>. Un petit groupe de nains de Tir Na Bor se glisse dans la for\u00eat d&rsquo;Emeraude pour y piller de vieilles ruines. Les Da\u00efkinee ne l&rsquo;entendent pas de cette oreille.<br \/>\n<a href=\"https:\/\/gryff-et-pitaine.fr\/?p=11130\">[Daikinees VS Dr\u00fbnes] Incursion en Quithayran<\/a>. Gwahyr l&rsquo;Impitoyable m\u00e8ne une incursion Dr\u00fbnes en plein milieu de la for\u00eat de Quithayran.<br \/>\n<a href=\"https:\/\/gryff-et-pitaine.fr\/?p=11991\">[Usurier VS Mid Nor] L\u2019Argent des T\u00e9n\u00e8bres<\/a>. Dans le fief du troph\u00e9e, les usuriers viennent r\u00e9cup\u00e9rer de l&rsquo;argent lors d&rsquo;une rencontre clandestine. Mais Mid Nor s&rsquo;int\u00e9resse aussi \u00e0 cet argent&#8230;<br \/>\n<a href=\"https:\/\/gryff-et-pitaine.fr\/?p=12188\">[Uraken Vs Ecumeur des Oc\u00e9ans] Razzia Sur La Schnouf<\/a>. Les Flibustiers Gobelins tentent d\u00e9barquer en fraude de l&rsquo;Opium sur les Terres du clan Uraken&#8230;<br \/>\n<a href=\"https:\/\/gryff-et-pitaine.fr\/?p=13334\">[Sessair VS Drune] La Passe du Corbeau<\/a> Les raids drunes terrorisent les keltois de la lande. Mais Hoggarth le Colosse est d&rsquo;une toute autre trempe!<br \/>\n<a href=\"https:\/\/gryff-et-pitaine.fr\/?p=13413\">[Milice de Cadwallon VS Mort Vivants]<\/a><a href=\"https:\/\/gryff-et-pitaine.fr\/?p=13413\">Tomb\u00e9 sur un Os<\/a>. La Gorgonne fait une descente en ville. Un trouble \u00e0 l&rsquo;ordre public que la Milice ne peut ignorer!<br \/>\n<a href=\"https:\/\/gryff-et-pitaine.fr\/?p=14262\">[T\u00e9n\u00e8bres VS Griffon] Bataille Navale de l\u2019\u00eele du Cr\u00e2ne Blanc<\/a> Une escadre du Griffon rencontre l&rsquo;ennemi non loin des r\u00e9cifs des crocs de feu.<br \/>\n<\/em><em><a href=\"https:\/\/gryff-et-pitaine.fr\/?p=16597\">[Cadwallon VS Wolfen] Loups de Mer<\/a><\/em><em>. Le Capitaine Kellian Durak pensait mener une simple reconnaissance. Qui aurait pu pr\u00e9voir que les Wolfens naviguent?<\/em><\/p>\n<p><a href=\"http:\/\/gryff-et-pitaine.fr\/?p=5839\">Conf\u2019 (in\u00e9)<\/a> Diverses micro parties, en solo, au portable, sur un coin de table, d\u00e9cors \u00e0 l&rsquo;avenant, parce que je me fait ch&#8230; Dites pas que je vous aurait pas pr\u00e9venu!<br \/>\n<a href=\"http:\/\/gryff-et-pitaine.fr\/?p=5894\">Conf\u2019 (in\u00e9) 2: Barqu\u2019Jacking<\/a> Encore de la micro partie, ou une poign\u00e9e de Cadwee \u00e0 fort \u00e0 faire face \u00e0 une v\u00e9ritable invasion de gobelins.<br \/>\n<a href=\"https:\/\/gryff-et-pitaine.fr\/?p=6712\">[Griffon VS D<em>i<\/em>rz] Le combat de Rochameaux<\/a> Ark\u00e9on Sanat, Bashar des nu\u00e9s Alchimiques ravages les c\u00f4tes d&rsquo;Akkylanie mais c&rsquo;est sans compter l&rsquo;intervention de Cairn l&rsquo;Ap\u00f4tre qui compte bien m\u00e8tre un terme \u00e0 ces d\u00e9pr\u00e9dations&#8230;<\/p>\n<p>Bricolage<br \/>\n<a href=\"https:\/\/gryff-et-pitaine.fr\/?p=11155\">Encalmin\u00e9. Test combat naval \u00e0 distance.<\/a> Duel de tir entre Gobelins et Scorpions dans une baie sans vent.<\/p>\n<p>&nbsp;<\/p>\n","protected":false},"excerpt":{"rendered":"<p>Sur le Continent d&rsquo;Aarklash, de puissantes nations ont \u00e9merg\u00e9es des brumes du temps. Alors que les Voies de la Lumi\u00e8res et les M\u00e9andres des T\u00e9n\u00e8bres sont pr\u00eats \u00e0 se livrer<\/p>\n<p class=\"more-link\"><a href=\"https:\/\/gryff-et-pitaine.fr\/?page_id=420\" class=\"readmore\">Lire la suite&#8230;<span class=\"screen-reader-text\">Confrontation<\/span><\/a><\/p>\n","protected":false},"author":2,"featured_media":602,"parent":696,"menu_order":0,"comment_status":"closed","ping_status":"closed","template":"","meta":{"footnotes":""},"class_list":["post-420","page","type-page","status-publish","has-post-thumbnail","hentry"],"_links":{"self":[{"href":"https:\/\/gryff-et-pitaine.fr\/index.php?rest_route=\/wp\/v2\/pages\/420","targetHints":{"allow":["GET"]}}],"collection":[{"href":"https:\/\/gryff-et-pitaine.fr\/index.php?rest_route=\/wp\/v2\/pages"}],"about":[{"href":"https:\/\/gryff-et-pitaine.fr\/index.php?rest_route=\/wp\/v2\/types\/page"}],"author":[{"embeddable":true,"href":"https:\/\/gryff-et-pitaine.fr\/index.php?rest_route=\/wp\/v2\/users\/2"}],"replies":[{"embeddable":true,"href":"https:\/\/gryff-et-pitaine.fr\/index.php?rest_route=%2Fwp%2Fv2%2Fcomments&post=420"}],"version-history":[{"count":51,"href":"https:\/\/gryff-et-pitaine.fr\/index.php?rest_route=\/wp\/v2\/pages\/420\/revisions"}],"predecessor-version":[{"id":16733,"href":"https:\/\/gryff-et-pitaine.fr\/index.php?rest_route=\/wp\/v2\/pages\/420\/revisions\/16733"}],"up":[{"embeddable":true,"href":"https:\/\/gryff-et-pitaine.fr\/index.php?rest_route=\/wp\/v2\/pages\/696"}],"wp:featuredmedia":[{"embeddable":true,"href":"https:\/\/gryff-et-pitaine.fr\/index.php?rest_route=\/wp\/v2\/media\/602"}],"wp:attachment":[{"href":"https:\/\/gryff-et-pitaine.fr\/index.php?rest_route=%2Fwp%2Fv2%2Fmedia&parent=420"}],"curies":[{"name":"wp","href":"https:\/\/api.w.org\/{rel}","templated":true}]}}