{"id":2662,"date":"2019-06-12T21:19:38","date_gmt":"2019-06-12T19:19:38","guid":{"rendered":"http:\/\/gryff-et-pitaine.fr\/?page_id=2662"},"modified":"2020-08-22T11:11:10","modified_gmt":"2020-08-22T09:11:10","slug":"chroniques-de-la-lune-noire","status":"publish","type":"page","link":"https:\/\/gryff-et-pitaine.fr\/?page_id=2662","title":{"rendered":"Chroniques de la Lune Noire"},"content":{"rendered":"<p>14.06.2019<\/p>\n<p><!-- Global site tag (gtag.js) - Google Analytics --> <span style=\"color: #3366ff;\"><b>Le Retour des Dieux : Les Chroniques de la Lune noire<\/b><\/span><br \/>\nLe jeu comporte 5 grandes puissances de l&#8217;empire de Lhynn<br \/>\nDans ces parties nous jouons avec des personnages du<strong><span class=\"mw-headline\"> camp de <span style=\"color: #ffffff;\">la Lune noire<\/span><br \/>\n<\/span><\/strong><\/p>\n<ul>\n<li><span style=\"color: #339966;\"><strong>Garde noir<\/strong><\/span> : unit\u00e9 d&rsquo;\u00e9lite qui se d\u00e9place vite et encaisse bien.<\/li>\n<li><span style=\"color: #339966;\"><strong>Pr\u00eatre de la Lune Noire<\/strong> <\/span>: il r\u00e9ussit plut\u00f4t ses sorts de paralysie pour l&rsquo;instant, mais rien \u00e0 faire pour r\u00e9ussir une Damnation ou une \u00c9radication sur les chevaliers de la Lumi\u00e8re de <span style=\"color: #ff9900;\">Gryff<\/span><\/li>\n<li><span style=\"color: #339966;\"><strong>Guerrier Orque brun<\/strong><\/span> : agile, il combat avec 2 lames et il encaisse peu.<\/li>\n<li><strong><span style=\"color: #339966;\">Archer Orque gris<\/span> : <\/strong>il tire plut\u00f4t bien ses fl\u00e8ches sur les persos de <span style=\"color: #ff9900;\">Pitaine<\/span><\/li>\n<\/ul>\n<hr \/>\n<p><span style=\"color: #808080;\"><strong>\u00a0<\/strong><\/span><\/p>\n<p style=\"text-align: center;\"><span style=\"color: #008080;\"><strong><span style=\"color: #800000;\">La derni\u00e8re bataille<\/span><br \/>\n<span style=\"color: #f7c983;\">partie 9 &#8211; <\/span><\/strong><\/span><span style=\"color: #ff9900;\"><strong>Elfes VS CDLN (Wanda victory)<\/strong><\/span><br \/>\n<img loading=\"lazy\" decoding=\"async\" class=\"alignnone size-full wp-image-1422\" src=\"http:\/\/gryff-et-pitaine.fr\/wp-content\/uploads\/2018\/12\/BATTLE-9-17122018-RedVersionPlanche1.png\" alt=\"\" width=\"1669\" height=\"2370\" srcset=\"https:\/\/gryff-et-pitaine.fr\/wp-content\/uploads\/2018\/12\/BATTLE-9-17122018-RedVersionPlanche1.png 1669w, https:\/\/gryff-et-pitaine.fr\/wp-content\/uploads\/2018\/12\/BATTLE-9-17122018-RedVersionPlanche1-211x300.png 211w, https:\/\/gryff-et-pitaine.fr\/wp-content\/uploads\/2018\/12\/BATTLE-9-17122018-RedVersionPlanche1-768x1091.png 768w, https:\/\/gryff-et-pitaine.fr\/wp-content\/uploads\/2018\/12\/BATTLE-9-17122018-RedVersionPlanche1-721x1024.png 721w\" sizes=\"auto, (max-width: 1669px) 100vw, 1669px\" \/><\/p>\n<p style=\"text-align: center;\"><strong><span style=\"color: #f7c983;\">partie 8 &#8211;<\/span> <span style=\"color: #ff9900;\">La Lumi\u00e8re (Lendge-Gryff victory) VS Orcs\/Gobelins<\/span><\/strong><br \/>\nEn cours<\/p>\n<p><strong><span style=\"color: #ffffff;\">Partie 8<\/span> <\/strong>\u00ab\u00a0&#8230;Pitaine pr\u00e9pare les dragons&#8230;\u00a0\u00bb<img loading=\"lazy\" decoding=\"async\" class=\"alignnone wp-image-189\" src=\"http:\/\/gryff-et-pitaine.fr\/wp-content\/uploads\/2018\/11\/alb_206021_image-edito-600-terra.jpg\" alt=\"\" width=\"497\" height=\"312\" srcset=\"https:\/\/gryff-et-pitaine.fr\/wp-content\/uploads\/2018\/11\/alb_206021_image-edito-600-terra.jpg 600w, https:\/\/gryff-et-pitaine.fr\/wp-content\/uploads\/2018\/11\/alb_206021_image-edito-600-terra-300x189.jpg 300w\" sizes=\"auto, (max-width: 497px) 100vw, 497px\" \/><br \/>\n<a href=\"https:\/\/culturebd.com\/album-bd\/chroniques-de-la-lune-noire\/206021-16-terra-secunda-2-2\">Sources<\/a><\/p>\n<p style=\"text-align: center;\"><a href=\"http:\/\/gryff-et-pitaine.fr\/?p=683\">Ars autem duro fumans nigrae lunam quidem &#8230; fiat lux!<\/a><br \/>\n<span class=\"tlid-translation translation\"><span class=\"\" title=\"\">In<\/span> <span class=\"\" title=\"\">sententia<\/span> <span class=\"\" title=\"\">Draco<\/span> <span class=\"\" title=\"\">Georges<\/span><\/span>.<br \/>\n\u00ab\u00a0L&rsquo;art de fumer la lune noire ou&#8230; que la Lumi\u00e8re soit!\u00a0\u00bb<br \/>\nen tout cas, d&rsquo;apr\u00e8s Georges le dragon.<\/p>\n<p style=\"text-align: center;\"><span style=\"color: #ff9900;\"><strong>Sus aux citrouilles, c\u2019est \u201cvendredi noir\u201d!<\/strong><\/span><br \/>\n<strong><span style=\"color: #f7c983;\">partie 7 &#8211;<\/span> <span style=\"color: #ff9900;\">4 \u00e9quipes et chacun pour soi, Lendge (Victory)<br \/>\n<\/span><\/strong><\/p>\n<p>[CDLN] Sus aux citrouilles, c&rsquo;est \u00ab\u00a0vendredi noir\u00a0\u00bb!<\/p>\n<p>Les conditions de victoire : 4 troupes s&rsquo;affrontent chacune pour soi et doivent piller les ressources au centre. Chaque panier devient une gemme \u00e0 rapporter \u00e0 rapporter \u00e0 bord de son bateau. Le dernier debout qui a le plus de gemme, l&#8217;emporte.<\/p>\n<p><strong>Gryff, Ordre de la Lumi\u00e8re<\/strong><br \/>\n1 Pr\u00eatre de la Lumi\u00e8re<br \/>\n1 Chevalier de la Lumi\u00e8re<br \/>\n1 Fr\u00e8re Convers Archer<br \/>\n1 Fr\u00e8re Convers<\/p>\n<p><strong>Lendge, Inquisition Gothique<\/strong><br \/>\n1 Moine soldat Hallebardier<br \/>\n1 Moine soldat Albaletrier<br \/>\n1 Fr\u00e8re lecteur gothique<br \/>\n1 Fr\u00e8re confesseur<\/p>\n<p><strong>Pitaine, les forces de Balor<\/strong><br \/>\n1 Guerrier Ork hache \u00e0 2 mains<br \/>\n1 Orc g\u00e9ant chaman<br \/>\n3 Gobelins: 2 archers et 1 guerrier<\/p>\n<p><strong>Wanda, La Lune Noire<\/strong><br \/>\n1 garde noir<br \/>\n1 pr\u00eatre de la lune noire<br \/>\n1 orc brun \u00e0 2 armes<br \/>\n1 orc gris archer<\/p>\n<p>Tout avait pourtant si bien commenc\u00e9 ce matin l\u00e0!<\/p>\n<p>\u00c0 peine amarr\u00e9, l&rsquo;ordre de la Lumi\u00e8re exhibait ses blanches toges sur les quais. Son voisin de l&rsquo;Inquisition Gothique commen\u00e7ait \u00e0 se mouvoir vers les quais, lentement, tr\u00e8s lentement. \u00c0 croire que le poids des p\u00each\u00e9s est aussi lourd que ses armures&#8230;<\/p>\n<p>Pendant ce temps, chez les peaux vertes, les forces de Balor pr\u00e9parent ses d\u00e9ploiements tactiques au pied des quais.<\/p>\n<p>Les troupes de la Lune Noire se lancent d\u00e9j\u00e0 \u00e0 l&rsquo;assaut des paniers! Ce qui lui faut de se faire cerner rapidement par L&rsquo;Ordre de la Lumi\u00e8re durant que l&rsquo;\u00e9quipe de Pitaine se collait au bord.<\/p>\n<p>Wanda (fin)<br \/>\nLune noire<\/p>\n<p>GRYFF (fin)<br \/>\nUn pr\u00eatre de la lumi\u00e8re part avec une gemme mais prend 7PV sur 6.<br \/>\nArcher prend 17 par Gaspard et succombe.<\/p>\n<p>PITAINE (fin)<br \/>\nOrc G\u00e9ant Chaman a fini embroch\u00e9 \u00e0 la hallebarde<br \/>\nLe guerrier \u00e0 la hache \u00e0 2 mains a fini plant\u00e9 par un pr\u00eatre.<br \/>\nUn archer Gobelin a succomb\u00e9 \u00e0 des fl\u00e8ches<br \/>\nLe guerrier Gobelin est mort empal\u00e9 par un carreau.<\/p>\n<p><strong>Victoires<\/strong><br \/>\nLa Lune noire de Wanda est partie t\u00f4t aux victuailles et s&rsquo;est faite prendre en \u00e9tau mais elle a combattu jusqu&rsquo;au bout. L&rsquo;Ordre de la Lumi\u00e8re de Gryff s&rsquo;est d\u00e9plac\u00e9 rapidement et a balanc\u00e9 des sorts de feu pour intercepter.<br \/>\nLa troupe de Balor s&rsquo;est faite \u00e9limin\u00e9e par ****&#8230; alors que les gobelins arrivaient discr\u00e8tement pour emporter du butin.<\/p>\n<p><img loading=\"lazy\" decoding=\"async\" class=\"alignnone wp-image-692\" src=\"http:\/\/gryff-et-pitaine.fr\/wp-content\/uploads\/2018\/12\/5facf466636aa0494c5b8f48e14ffbeb.jpg\" alt=\"\" width=\"221\" height=\"260\" srcset=\"https:\/\/gryff-et-pitaine.fr\/wp-content\/uploads\/2018\/12\/5facf466636aa0494c5b8f48e14ffbeb.jpg 323w, https:\/\/gryff-et-pitaine.fr\/wp-content\/uploads\/2018\/12\/5facf466636aa0494c5b8f48e14ffbeb-255x300.jpg 255w\" sizes=\"auto, (max-width: 221px) 100vw, 221px\" \/><br \/>\nAu final, c&rsquo;est <strong>Lendge avec l&rsquo;Inquisition Gothique qui a gagn\u00e9<\/strong>, en \u00e9liminant les troupes de Gryff soumis au sort de peur et qui arrivait \u00e0 bord avec son butin.<br \/>\n<strong>Une victoire pour la Lumi\u00e8re!<\/strong><\/p>\n<p>R\u00e9dig\u00e9 par Wanda et correction (en cours)<\/p>\n<p><strong><span style=\"color: #f7c983;\">partie 6 &#8211;<\/span> <span style=\"color: #ff9900;\">CDLN (Wanda) vs Orcs\/Gobelins (Pitaine Victory)<\/span><\/strong><\/p>\n<p><img loading=\"lazy\" decoding=\"async\" class=\"alignnone size-full wp-image-410\" src=\"http:\/\/gryff-et-pitaine.fr\/wp-content\/uploads\/2018\/12\/BATTLE-6-30112018-RedVersionPlanche1sur2.png\" alt=\"\" width=\"1659\" height=\"2365\" srcset=\"https:\/\/gryff-et-pitaine.fr\/wp-content\/uploads\/2018\/12\/BATTLE-6-30112018-RedVersionPlanche1sur2.png 1659w, https:\/\/gryff-et-pitaine.fr\/wp-content\/uploads\/2018\/12\/BATTLE-6-30112018-RedVersionPlanche1sur2-210x300.png 210w, https:\/\/gryff-et-pitaine.fr\/wp-content\/uploads\/2018\/12\/BATTLE-6-30112018-RedVersionPlanche1sur2-768x1095.png 768w, https:\/\/gryff-et-pitaine.fr\/wp-content\/uploads\/2018\/12\/BATTLE-6-30112018-RedVersionPlanche1sur2-718x1024.png 718w\" sizes=\"auto, (max-width: 1659px) 100vw, 1659px\" \/><img loading=\"lazy\" decoding=\"async\" class=\"alignnone size-full wp-image-413\" src=\"http:\/\/gryff-et-pitaine.fr\/wp-content\/uploads\/2018\/12\/BATTLE-6-30112018-RedVersionPlanche2sur2.png\" alt=\"\" width=\"1666\" height=\"2363\" srcset=\"https:\/\/gryff-et-pitaine.fr\/wp-content\/uploads\/2018\/12\/BATTLE-6-30112018-RedVersionPlanche2sur2.png 1666w, https:\/\/gryff-et-pitaine.fr\/wp-content\/uploads\/2018\/12\/BATTLE-6-30112018-RedVersionPlanche2sur2-212x300.png 212w, https:\/\/gryff-et-pitaine.fr\/wp-content\/uploads\/2018\/12\/BATTLE-6-30112018-RedVersionPlanche2sur2-768x1089.png 768w, https:\/\/gryff-et-pitaine.fr\/wp-content\/uploads\/2018\/12\/BATTLE-6-30112018-RedVersionPlanche2sur2-722x1024.png 722w\" sizes=\"auto, (max-width: 1666px) 100vw, 1666px\" \/><\/p>\n<p style=\"text-align: center;\"><span style=\"color: #ff9900;\"><strong><span style=\"color: #f7c983;\">partie 5 &#8211;<\/span> CDLN (Wanda Victory Jewel)<br \/>\nVS Gobelins (Pitaine Victory last alone)<\/strong><\/span><br \/>\n<img loading=\"lazy\" decoding=\"async\" class=\"alignnone size-full wp-image-409\" src=\"http:\/\/gryff-et-pitaine.fr\/wp-content\/uploads\/2018\/12\/BATTLE-5-27112018-RedVersion.png\" alt=\"\" width=\"1693\" height=\"2366\" srcset=\"https:\/\/gryff-et-pitaine.fr\/wp-content\/uploads\/2018\/12\/BATTLE-5-27112018-RedVersion.png 1693w, https:\/\/gryff-et-pitaine.fr\/wp-content\/uploads\/2018\/12\/BATTLE-5-27112018-RedVersion-215x300.png 215w, https:\/\/gryff-et-pitaine.fr\/wp-content\/uploads\/2018\/12\/BATTLE-5-27112018-RedVersion-768x1073.png 768w, https:\/\/gryff-et-pitaine.fr\/wp-content\/uploads\/2018\/12\/BATTLE-5-27112018-RedVersion-733x1024.png 733w\" sizes=\"auto, (max-width: 1693px) 100vw, 1693px\" \/><\/p>\n<p style=\"text-align: center;\"><span style=\"color: #ff9900;\"><strong><span style=\"color: #f7c983;\">partie 4 &#8211;<\/span> CDLN (Wanda Victory) VS Gobelins<img loading=\"lazy\" decoding=\"async\" class=\"alignnone size-full wp-image-1419\" src=\"http:\/\/gryff-et-pitaine.fr\/wp-content\/uploads\/2018\/12\/BATTLE-4-112018-RedVersion-1.png\" alt=\"\" width=\"745\" height=\"1053\" srcset=\"https:\/\/gryff-et-pitaine.fr\/wp-content\/uploads\/2018\/12\/BATTLE-4-112018-RedVersion-1.png 745w, https:\/\/gryff-et-pitaine.fr\/wp-content\/uploads\/2018\/12\/BATTLE-4-112018-RedVersion-1-212x300.png 212w, https:\/\/gryff-et-pitaine.fr\/wp-content\/uploads\/2018\/12\/BATTLE-4-112018-RedVersion-1-724x1024.png 724w\" sizes=\"auto, (max-width: 745px) 100vw, 745px\" \/><\/strong><\/span><\/p>\n<p><a name=\"tapent\"><\/a><\/p>\n","protected":false},"excerpt":{"rendered":"<p>14.06.2019 Le Retour des Dieux : Les Chroniques de la Lune noire Le jeu comporte 5 grandes puissances de l&#8217;empire de Lhynn Dans ces parties nous jouons avec des personnages<\/p>\n<p class=\"more-link\"><a href=\"https:\/\/gryff-et-pitaine.fr\/?page_id=2662\" class=\"readmore\">Lire la suite&#8230;<span class=\"screen-reader-text\">Chroniques de la Lune Noire<\/span><\/a><\/p>\n","protected":false},"author":1,"featured_media":0,"parent":52,"menu_order":2,"comment_status":"closed","ping_status":"closed","template":"","meta":{"footnotes":""},"class_list":["post-2662","page","type-page","status-publish","hentry"],"_links":{"self":[{"href":"https:\/\/gryff-et-pitaine.fr\/index.php?rest_route=\/wp\/v2\/pages\/2662","targetHints":{"allow":["GET"]}}],"collection":[{"href":"https:\/\/gryff-et-pitaine.fr\/index.php?rest_route=\/wp\/v2\/pages"}],"about":[{"href":"https:\/\/gryff-et-pitaine.fr\/index.php?rest_route=\/wp\/v2\/types\/page"}],"author":[{"embeddable":true,"href":"https:\/\/gryff-et-pitaine.fr\/index.php?rest_route=\/wp\/v2\/users\/1"}],"replies":[{"embeddable":true,"href":"https:\/\/gryff-et-pitaine.fr\/index.php?rest_route=%2Fwp%2Fv2%2Fcomments&post=2662"}],"version-history":[{"count":3,"href":"https:\/\/gryff-et-pitaine.fr\/index.php?rest_route=\/wp\/v2\/pages\/2662\/revisions"}],"predecessor-version":[{"id":5492,"href":"https:\/\/gryff-et-pitaine.fr\/index.php?rest_route=\/wp\/v2\/pages\/2662\/revisions\/5492"}],"up":[{"embeddable":true,"href":"https:\/\/gryff-et-pitaine.fr\/index.php?rest_route=\/wp\/v2\/pages\/52"}],"wp:attachment":[{"href":"https:\/\/gryff-et-pitaine.fr\/index.php?rest_route=%2Fwp%2Fv2%2Fmedia&parent=2662"}],"curies":[{"name":"wp","href":"https:\/\/api.w.org\/{rel}","templated":true}]}}