{"id":233,"date":"2018-11-30T12:19:11","date_gmt":"2018-11-30T11:19:11","guid":{"rendered":"http:\/\/gryff-et-pitaine.fr\/?page_id=233"},"modified":"2020-10-10T22:30:34","modified_gmt":"2020-10-10T20:30:34","slug":"fury-outburst","status":"publish","type":"page","link":"https:\/\/gryff-et-pitaine.fr\/?page_id=233","title":{"rendered":"Fury Outburst Control"},"content":{"rendered":"<p><!-- Global site tag (gtag.js) - Google Analytics --><br \/>\n<script async=\"\" src=\"https:\/\/www.googletagmanager.com\/gtag\/js?id=UA-130897437-1\"><\/script><br \/>\n<script><br \/>\n  window.dataLayer = window.dataLayer || [];<br \/>\n  function gtag(){dataLayer.push(arguments);}<br \/>\n  gtag('js', new Date());<\/p>\n<p><p>  gtag('config', 'UA-130897437-1');<br \/>\n<\/script><\/p>\n<p>L&rsquo;Action de Fury se d\u00e9roule sur le monde d&rsquo;Eseltraia.<\/p>\n<p>Y&rsquo;a une paye, les serviteurs d&rsquo;Ymir, les vilains <strong>Y\u00e9tis<\/strong>, furent vaincu.<br \/>\nLes orques d&rsquo;<strong>Azerkelar<\/strong> y gagn\u00e8rent un Empire et sont depuis la puissance dominante repr\u00e9sentant la Civilisation avec un grand C et \u00e9rigeant des colonnes et des statues en marbre histoire de faire joli entre deux op\u00e9rations de pacification \u00e0 grands coups de mandale. Les l\u00e9gionnaires sont l\u00e0 pour \u00e7a.<\/p>\n<p>Malheureusement, la stabilit\u00e9 g\u00e9opolitique viens d&rsquo;\u00eatre r\u00e9cemment remise en cause: Les Yetis reviennent, les<strong> nains<\/strong> font la gueule, les Gobelins ont fond\u00e9 la <strong>R\u00e9publique Socialiste Sovi\u00e9tique Gobeline<\/strong> avec des flingues piqu\u00e9s aux pr\u00e9c\u00e9dents, le Royaume Humain d&rsquo;<strong>Esyaldes<\/strong> se montre de plus en plus ambitieux, sans parler des <strong>elfes<\/strong> qui ont vir\u00e9 compl\u00e8tement psychopathes \u00e0 cause d&rsquo;un meurtre mal dig\u00e9r\u00e9 dans leur conscience collective, les cons!<\/p>\n<p>Bref, le futur s&rsquo;annonce sportif pour les patrouilles des diff\u00e9rents peuples!<\/p>\n<p>Combats Isol\u00e9s:<\/p>\n<p><a href=\"http:\/\/gryff-et-pitaine.fr\/?p=265\">[Azerkelar VS Esyaldes] La Fronti\u00e8re de L&rsquo;Embrouille<\/a> Ou l&rsquo;on se bat pour une dr\u00f4le de statue et sa b\u00e9n\u00e9diction.<\/p>\n<p><a href=\"http:\/\/gryff-et-pitaine.fr\/?p=2554\">[Azerkelar VS Esyaldes] Rafle au March\u00e9<\/a> Pharaon veut des putes et de la coke. C&rsquo;est pas joli joli, mais ce que veut Pharaon&#8230;<\/p>\n","protected":false},"excerpt":{"rendered":"<p>L&rsquo;Action de Fury se d\u00e9roule sur le monde d&rsquo;Eseltraia. Y&rsquo;a une paye, les serviteurs d&rsquo;Ymir, les vilains Y\u00e9tis, furent vaincu. Les orques d&rsquo;Azerkelar y gagn\u00e8rent un Empire et sont depuis<\/p>\n<p class=\"more-link\"><a href=\"https:\/\/gryff-et-pitaine.fr\/?page_id=233\" class=\"readmore\">Lire la suite&#8230;<span class=\"screen-reader-text\">Fury Outburst Control<\/span><\/a><\/p>\n","protected":false},"author":2,"featured_media":232,"parent":696,"menu_order":2,"comment_status":"closed","ping_status":"closed","template":"","meta":{"footnotes":""},"class_list":["post-233","page","type-page","status-publish","has-post-thumbnail","hentry"],"_links":{"self":[{"href":"https:\/\/gryff-et-pitaine.fr\/index.php?rest_route=\/wp\/v2\/pages\/233","targetHints":{"allow":["GET"]}}],"collection":[{"href":"https:\/\/gryff-et-pitaine.fr\/index.php?rest_route=\/wp\/v2\/pages"}],"about":[{"href":"https:\/\/gryff-et-pitaine.fr\/index.php?rest_route=\/wp\/v2\/types\/page"}],"author":[{"embeddable":true,"href":"https:\/\/gryff-et-pitaine.fr\/index.php?rest_route=\/wp\/v2\/users\/2"}],"replies":[{"embeddable":true,"href":"https:\/\/gryff-et-pitaine.fr\/index.php?rest_route=%2Fwp%2Fv2%2Fcomments&post=233"}],"version-history":[{"count":13,"href":"https:\/\/gryff-et-pitaine.fr\/index.php?rest_route=\/wp\/v2\/pages\/233\/revisions"}],"predecessor-version":[{"id":5819,"href":"https:\/\/gryff-et-pitaine.fr\/index.php?rest_route=\/wp\/v2\/pages\/233\/revisions\/5819"}],"up":[{"embeddable":true,"href":"https:\/\/gryff-et-pitaine.fr\/index.php?rest_route=\/wp\/v2\/pages\/696"}],"wp:featuredmedia":[{"embeddable":true,"href":"https:\/\/gryff-et-pitaine.fr\/index.php?rest_route=\/wp\/v2\/media\/232"}],"wp:attachment":[{"href":"https:\/\/gryff-et-pitaine.fr\/index.php?rest_route=%2Fwp%2Fv2%2Fmedia&parent=233"}],"curies":[{"name":"wp","href":"https:\/\/api.w.org\/{rel}","templated":true}]}}