{"id":227,"date":"2018-11-30T11:58:53","date_gmt":"2018-11-30T10:58:53","guid":{"rendered":"http:\/\/gryff-et-pitaine.fr\/?page_id=227"},"modified":"2023-12-17T13:22:24","modified_gmt":"2023-12-17T12:22:24","slug":"warhammer-40k","status":"publish","type":"page","link":"https:\/\/gryff-et-pitaine.fr\/?page_id=227","title":{"rendered":"Warhammer 40K"},"content":{"rendered":"<p>Dans un Futur Lointain, l&rsquo;Humanit\u00e9 contr\u00f4le la Galaxie. Toute la Galaxie? Non, de petits empires x\u00e9nos, des plan\u00e8tes peupl\u00e9es de rebelles Chaotiques sanguinaires*, des cr\u00e9atures \u00e9tranges et des flottes ren\u00e9gates r\u00e9sistent encore et toujours \u00e0 la Lumi\u00e8re de l&rsquo;Empereur Dieu**.<\/p>\n<p>Qu&rsquo;importe, les Vaillantes forces de l&rsquo;Humanit\u00e9, \u00e0 Commencer par la puissante Garde Imp\u00e9riale, les f\u00e9roces Space Marines ou la lumineuse Inquisition sauront apporter la Paix de l&rsquo;Empereur \u00e0 tout ces gougnafiers!***<\/p>\n<p>*Plus que l&rsquo;Imp\u00e9rium, c&rsquo;est dire!<\/p>\n<p>**Aussi appel\u00e9 Canon Laser.<\/p>\n<p>***Ainsi que triple ration de Napalm.<\/p>\n<p>Les Rapports:<\/p>\n<p><em><strong>Warhammer 40k Proprement dit (Batailles rang\u00e9s)<\/strong><\/em><\/p>\n<p><strong>Parties isol\u00e9es<\/strong><\/p>\n<p><a href=\"http:\/\/gryff-et-pitaine.fr\/?p=229\">[Garde Imp\u00e9riale Vs Eldar] \u00c9cho Incertain<\/a>, Suite au Crash d&rsquo;un myst\u00e9rieux appareil, le 1er Kestolan se d\u00e9ploient pour enqu\u00eater. Mais les eldars sont d\u00e9j\u00e0 l\u00e0&#8230;<\/p>\n<p><a href=\"http:\/\/gryff-et-pitaine.fr\/?p=9023\">Le Raid [Space Marines Vs Orks ]<\/a> Ou contrairement \u00e0 leurs habitudes, ce sont les orks qui d\u00e9fendent leurs biens \u00e0 domicile face \u00e0 des Sons Of Smaug avide d&rsquo;en prendre possession&#8230;<\/p>\n<p><a href=\"http:\/\/gryff-et-pitaine.fr\/?p=9980\">[Orks Vs Orks] Chapardage Festif.<\/a> Ou les orks Bleu veulent piquer les Bobines de Cuivres des orks orange, mais que ces derniers veulent pas.<\/p>\n<p>&nbsp;<\/p>\n<p><strong>Pour une Poign\u00e9e d&rsquo;Epice, <\/strong><em>le chapitre des Sons of Smaug est mandat\u00e9 par la Maison Halfax pour r\u00e9cup\u00e9rer une cargaison pr\u00e9cieuse vol\u00e9e par les Orks&#8230;<br \/>\n<a href=\"https:\/\/gryff-et-pitaine.fr\/?p=11543\">La Pouss\u00e9e [Sons Of Smaug vs UrGor]<\/a><br \/>\n<a href=\"https:\/\/gryff-et-pitaine.fr\/?p=11643\">L\u2019Encerclement [Sons of Smaug VS Urgor]<\/a><\/em><\/p>\n<p><strong><em>Battlefleet Gothic (Combat spatiaux)<\/em><\/strong><\/p>\n<p><strong>Campagnes<\/strong><\/p>\n<p><a href=\"http:\/\/gryff-et-pitaine.fr\/?page_id=5957\">La Gloire de l\u2019Asimov<\/a>, <em>un croiseur dictator solitaire est le seul rempart face \u00e0 une invasion alien. R\u00e9ussira il \u00e0 sauver les habitants de l&rsquo;\u00e9tendu de Clovis?<\/em><\/p>\n<p>&nbsp;<\/p>\n<p><strong>Ev\u00e8nements:<\/strong><\/p>\n<p><a href=\"https:\/\/gryff-et-pitaine.fr\/?p=10652\">Le Drame de Cam\u00e9lia.<\/a> Week end de jeu narratif ou une demi douzaine d&rsquo;arm\u00e9e profitent du d\u00e9c\u00e8s du gouverneur plan\u00e9taire pour tirer la couverture. Au risque de la d\u00e9chirer&#8230;<\/p>\n<p><script src=\"moz-extension:\/\/deec505c-e1a3-4c57-a64b-2c20374830e9\/inject-scripts\/searchvideos.js\" async=\"\"><\/script><\/p>\n","protected":false},"excerpt":{"rendered":"<p>Dans un Futur Lointain, l&rsquo;Humanit\u00e9 contr\u00f4le la Galaxie. Toute la Galaxie? Non, de petits empires x\u00e9nos, des plan\u00e8tes peupl\u00e9es de rebelles Chaotiques sanguinaires*, des cr\u00e9atures \u00e9tranges et des flottes ren\u00e9gates<\/p>\n<p class=\"more-link\"><a href=\"https:\/\/gryff-et-pitaine.fr\/?page_id=227\" class=\"readmore\">Lire la suite&#8230;<span class=\"screen-reader-text\">Warhammer 40K<\/span><\/a><\/p>\n","protected":false},"author":2,"featured_media":0,"parent":702,"menu_order":2,"comment_status":"closed","ping_status":"closed","template":"","meta":{"footnotes":""},"class_list":["post-227","page","type-page","status-publish","hentry"],"_links":{"self":[{"href":"https:\/\/gryff-et-pitaine.fr\/index.php?rest_route=\/wp\/v2\/pages\/227","targetHints":{"allow":["GET"]}}],"collection":[{"href":"https:\/\/gryff-et-pitaine.fr\/index.php?rest_route=\/wp\/v2\/pages"}],"about":[{"href":"https:\/\/gryff-et-pitaine.fr\/index.php?rest_route=\/wp\/v2\/types\/page"}],"author":[{"embeddable":true,"href":"https:\/\/gryff-et-pitaine.fr\/index.php?rest_route=\/wp\/v2\/users\/2"}],"replies":[{"embeddable":true,"href":"https:\/\/gryff-et-pitaine.fr\/index.php?rest_route=%2Fwp%2Fv2%2Fcomments&post=227"}],"version-history":[{"count":32,"href":"https:\/\/gryff-et-pitaine.fr\/index.php?rest_route=\/wp\/v2\/pages\/227\/revisions"}],"predecessor-version":[{"id":12150,"href":"https:\/\/gryff-et-pitaine.fr\/index.php?rest_route=\/wp\/v2\/pages\/227\/revisions\/12150"}],"up":[{"embeddable":true,"href":"https:\/\/gryff-et-pitaine.fr\/index.php?rest_route=\/wp\/v2\/pages\/702"}],"wp:attachment":[{"href":"https:\/\/gryff-et-pitaine.fr\/index.php?rest_route=%2Fwp%2Fv2%2Fmedia&parent=227"}],"curies":[{"name":"wp","href":"https:\/\/api.w.org\/{rel}","templated":true}]}}