{"id":2,"date":"2018-11-24T20:18:20","date_gmt":"2018-11-24T19:18:20","guid":{"rendered":"http:\/\/gryff-et-pitaine.fr\/?page_id=2"},"modified":"2024-04-18T01:39:58","modified_gmt":"2024-04-17T23:39:58","slug":"page-d-exemple","status":"publish","type":"page","link":"https:\/\/gryff-et-pitaine.fr\/?page_id=2","title":{"rendered":"Rapports de bataille"},"content":{"rendered":"<p><!-- Global site tag (gtag.js) - Google Analytics --><br \/>\n<script async=\"\" src=\"https:\/\/www.googletagmanager.com\/gtag\/js?id=UA-130897437-1\"><\/script><br \/>\n<script><br \/>\n  window.dataLayer = window.dataLayer || [];<br \/>\n  function gtag(){dataLayer.push(arguments);}<br \/>\n  gtag('js', new Date());<\/p>\n<\/p>\n<\/p>\n<\/p>\n<\/p>\n<\/p>\n<\/p>\n<\/p>\n<\/p>\n<\/p>\n<\/p>\n<\/p>\n<\/p>\n<\/p>\n<\/p>\n<\/p>\n<\/p>\n<\/p>\n<\/p>\n<\/p>\n<\/p>\n<\/p>\n<\/p>\n<\/p>\n<\/p>\n<p>  gtag('config', 'UA-130897437-1');<br \/>\n<\/script><\/p>\n<p>Bienvenue dans nos rapports de batailles!<\/p>\n<p>Il y en a pour tous les go\u00fbts!<br \/>\nBatailles ponctuelles, campagnes, sc\u00e9narii improbables, petits budgets et grosses productions! Le tout r\u00e9partit en sections par genre et par jeu!<br \/>\nVenez chiner dans nos \u00e9tals!<\/p>\n<p>Envie de M\u00e9di\u00e9valerie, de combats sauvage au corps \u00e0 corps, plus arcs que fusil d&rsquo;assaut? C&rsquo;est par ici!<br \/>\n<a href=\"http:\/\/gryff-et-pitaine.fr\/?page_id=696\">Les trucs qui tapent<\/a><\/p>\n<p>Rassemblant les univers de SF, Steampunk et autres ou l&rsquo;on privil\u00e9gie* en moyenne le blaster, le six-coup et le lance-roquette aux coups d&rsquo;\u00e9p\u00e9e, cette section vous attend, amateurs de fusillades et de combats motoris\u00e9s!<\/p>\n<p>*Oui, parce que ne soyons pas dupe, y a toujours un cingl\u00e9 avec une \u00e9p\u00e9e-tron\u00e7onneuse ou un panneau indicateur affut\u00e9 pour que \u00e7a finisse au corps \u00e0 corps.<br \/>\n<a href=\"http:\/\/gryff-et-pitaine.fr\/?page_id=702\">Trucs qui flinguent<\/a><\/p>\n<p>Enfin, la page perso de notre WebMistress Wanda et\u00a0ses excursions figurinistiques dans un tout autre format!<br \/>\n<a href=\"http:\/\/gryff-et-pitaine.fr\/?page_id=52\">R\u00e9cit de guerre de Wanda<\/a><\/p>\n<p><script src=\"moz-extension:\/\/deec505c-e1a3-4c57-a64b-2c20374830e9\/inject-scripts\/searchvideos.js\" async=\"\"><\/script><\/p>\n<p><script src=\"moz-extension:\/\/deec505c-e1a3-4c57-a64b-2c20374830e9\/inject-scripts\/searchvideos.js\" async=\"\"><\/script><\/p>\n<p><script src=\"moz-extension:\/\/deec505c-e1a3-4c57-a64b-2c20374830e9\/inject-scripts\/searchvideos.js\" async=\"\"><\/script><\/p>\n<p><script src=\"moz-extension:\/\/deec505c-e1a3-4c57-a64b-2c20374830e9\/inject-scripts\/searchvideos.js\" async=\"\"><\/script><\/p>\n<p><script src=\"moz-extension:\/\/deec505c-e1a3-4c57-a64b-2c20374830e9\/inject-scripts\/searchvideos.js\" async=\"\"><\/script><\/p>\n","protected":false},"excerpt":{"rendered":"<p>Bienvenue dans nos rapports de batailles! Il y en a pour tous les go\u00fbts! Batailles ponctuelles, campagnes, sc\u00e9narii improbables, petits budgets et grosses productions! Le tout r\u00e9partit en sections par<\/p>\n<p class=\"more-link\"><a href=\"https:\/\/gryff-et-pitaine.fr\/?page_id=2\" class=\"readmore\">Lire la suite&#8230;<span class=\"screen-reader-text\">Rapports de bataille<\/span><\/a><\/p>\n","protected":false},"author":1,"featured_media":0,"parent":0,"menu_order":2,"comment_status":"closed","ping_status":"open","template":"","meta":{"footnotes":""},"class_list":["post-2","page","type-page","status-publish","hentry"],"_links":{"self":[{"href":"https:\/\/gryff-et-pitaine.fr\/index.php?rest_route=\/wp\/v2\/pages\/2","targetHints":{"allow":["GET"]}}],"collection":[{"href":"https:\/\/gryff-et-pitaine.fr\/index.php?rest_route=\/wp\/v2\/pages"}],"about":[{"href":"https:\/\/gryff-et-pitaine.fr\/index.php?rest_route=\/wp\/v2\/types\/page"}],"author":[{"embeddable":true,"href":"https:\/\/gryff-et-pitaine.fr\/index.php?rest_route=\/wp\/v2\/users\/1"}],"replies":[{"embeddable":true,"href":"https:\/\/gryff-et-pitaine.fr\/index.php?rest_route=%2Fwp%2Fv2%2Fcomments&post=2"}],"version-history":[{"count":41,"href":"https:\/\/gryff-et-pitaine.fr\/index.php?rest_route=\/wp\/v2\/pages\/2\/revisions"}],"predecessor-version":[{"id":12776,"href":"https:\/\/gryff-et-pitaine.fr\/index.php?rest_route=\/wp\/v2\/pages\/2\/revisions\/12776"}],"wp:attachment":[{"href":"https:\/\/gryff-et-pitaine.fr\/index.php?rest_route=%2Fwp%2Fv2%2Fmedia&parent=2"}],"curies":[{"name":"wp","href":"https:\/\/api.w.org\/{rel}","templated":true}]}}