{"id":174,"date":"2018-11-29T19:30:20","date_gmt":"2018-11-29T18:30:20","guid":{"rendered":"http:\/\/gryff-et-pitaine.fr\/?page_id=174"},"modified":"2022-12-17T10:34:34","modified_gmt":"2022-12-17T09:34:34","slug":"linvasion-rousse-campagne","status":"publish","type":"page","link":"https:\/\/gryff-et-pitaine.fr\/?page_id=174","title":{"rendered":"L&rsquo;Invasion Rousse [Campagne]"},"content":{"rendered":"<p><!-- Global site tag (gtag.js) - Google Analytics --><br \/>\n<script async=\"\" src=\"https:\/\/www.googletagmanager.com\/gtag\/js?id=UA-130897437-1\"><\/script><br \/>\n<script><br \/>\n  window.dataLayer = window.dataLayer || [];<br \/>\n  function gtag(){dataLayer.push(arguments);}<br \/>\n  gtag('js', new Date());<\/p>\n<\/p>\n<\/p>\n<\/p>\n<\/p>\n<\/p>\n<\/p>\n<\/p>\n<\/p>\n<\/p>\n<\/p>\n<\/p>\n<\/p>\n<\/p>\n<\/p>\n<\/p>\n<\/p>\n<\/p>\n<\/p>\n<\/p>\n<\/p>\n<\/p>\n<\/p>\n<\/p>\n<\/p>\n<\/p>\n<\/p>\n<\/p>\n<\/p>\n<\/p>\n<\/p>\n<\/p>\n<\/p>\n<p>  gtag('config', 'UA-130897437-1');<br \/>\n<\/script><\/p>\n<p>Lorsque Crisbick le Gobelin, Chef incontest\u00e9 (en tout cas, pas souvent) de la Tribu du Scorpion Noir \u00e0 mont\u00e9 cette petite exp\u00e9dition Navale avec quelques alli\u00e9s de la Conf\u00e9d\u00e9ration Gobeline, ni lui, ni les gobelins ne se doutaient de ce qui allait leur tomber sur le r\u00e2ble&#8230;<\/p>\n<p><strong>Les Pr\u00e9mices<\/strong><\/p>\n<p><a href=\"http:\/\/gryff-et-pitaine.fr\/?p=176\">Chapitre 1, la Bataille Navale<\/a> Ou l&rsquo;on vois que la r\u00e9gate c&rsquo;est plus compliqu\u00e9 quand on veut votre peau.<\/p>\n<p><strong>La campagne terrestre.<\/strong><\/p>\n<p><a href=\"http:\/\/gryff-et-pitaine.fr\/?p=179\">Chapitre 2: La Bataille d&rsquo;Arr\u00eatage<\/a> Une bonne Grosse Bataille Rang\u00e9e.<\/p>\n<p><a href=\"http:\/\/gryff-et-pitaine.fr\/?p=212\">Inter Bataille, Chapitre 2<\/a> Un petit point sur la situation.(!)<\/p>\n<p><a href=\"http:\/\/gryff-et-pitaine.fr\/?p=218\">Interm\u00e8de: Tuerie en sous Sol<\/a> Pendant ce temps l\u00e0, chez les gobelins de la Lune Noire&#8230;<\/p>\n<p><strong>Le Si\u00e8ge.<\/strong><\/p>\n<p><a href=\"http:\/\/gryff-et-pitaine.fr\/?p=512\">Chapitre 3.1 : Le Messager o\u00f9 l&rsquo;Art d&rsquo;aller Qu\u00e9rir du Renfort<\/a> Plus on est de fou, plus on rit!<\/p>\n<p><a href=\"http:\/\/gryff-et-pitaine.fr\/?p=1764\">Chapitre 3.2 : Tester les d\u00e9fenses.<\/a> Premi\u00e8re tentative face aux remparts.<\/p>\n<p><a href=\"http:\/\/gryff-et-pitaine.fr\/?p=1862\">Chapitre 3.3 : Renfort \u00e0 la Rescousse<\/a> Une arm\u00e9e de secours de bric et de broc tente de faire franchir le cordon des assi\u00e9geants \u00e0 ses troupes&#8230;<\/p>\n<p><a href=\"http:\/\/gryff-et-pitaine.fr\/?p=4675\">Chapitre 3.4 : Le Ravitaillage<\/a> Une nouvelle tentative de l&rsquo;arm\u00e9e de secours pour forcer le blocus. Ce coup ci pour faire passer des vivres&#8230;<\/p>\n<p><a href=\"http:\/\/gryff-et-pitaine.fr\/?p=9667\">Chapitre 3.5 L\u2019Assaut Final<\/a> Ca y est, cette fois, c&rsquo;est la fin! L&rsquo;arm\u00e9e de Tueurs se lance \u00e0 l&rsquo;assaut et c&rsquo;est la survie du fort qui se joue!<\/p>\n","protected":false},"excerpt":{"rendered":"<p>Lorsque Crisbick le Gobelin, Chef incontest\u00e9 (en tout cas, pas souvent) de la Tribu du Scorpion Noir \u00e0 mont\u00e9 cette petite exp\u00e9dition Navale avec quelques alli\u00e9s de la Conf\u00e9d\u00e9ration Gobeline,<\/p>\n<p class=\"more-link\"><a href=\"https:\/\/gryff-et-pitaine.fr\/?page_id=174\" class=\"readmore\">Lire la suite&#8230;<span class=\"screen-reader-text\">L&rsquo;Invasion Rousse [Campagne]<\/span><\/a><\/p>\n","protected":false},"author":2,"featured_media":247,"parent":172,"menu_order":0,"comment_status":"closed","ping_status":"closed","template":"","meta":{"footnotes":""},"class_list":["post-174","page","type-page","status-publish","has-post-thumbnail","hentry"],"_links":{"self":[{"href":"https:\/\/gryff-et-pitaine.fr\/index.php?rest_route=\/wp\/v2\/pages\/174","targetHints":{"allow":["GET"]}}],"collection":[{"href":"https:\/\/gryff-et-pitaine.fr\/index.php?rest_route=\/wp\/v2\/pages"}],"about":[{"href":"https:\/\/gryff-et-pitaine.fr\/index.php?rest_route=\/wp\/v2\/types\/page"}],"author":[{"embeddable":true,"href":"https:\/\/gryff-et-pitaine.fr\/index.php?rest_route=\/wp\/v2\/users\/2"}],"replies":[{"embeddable":true,"href":"https:\/\/gryff-et-pitaine.fr\/index.php?rest_route=%2Fwp%2Fv2%2Fcomments&post=174"}],"version-history":[{"count":26,"href":"https:\/\/gryff-et-pitaine.fr\/index.php?rest_route=\/wp\/v2\/pages\/174\/revisions"}],"predecessor-version":[{"id":10362,"href":"https:\/\/gryff-et-pitaine.fr\/index.php?rest_route=\/wp\/v2\/pages\/174\/revisions\/10362"}],"up":[{"embeddable":true,"href":"https:\/\/gryff-et-pitaine.fr\/index.php?rest_route=\/wp\/v2\/pages\/172"}],"wp:featuredmedia":[{"embeddable":true,"href":"https:\/\/gryff-et-pitaine.fr\/index.php?rest_route=\/wp\/v2\/media\/247"}],"wp:attachment":[{"href":"https:\/\/gryff-et-pitaine.fr\/index.php?rest_route=%2Fwp%2Fv2%2Fmedia&parent=174"}],"curies":[{"name":"wp","href":"https:\/\/api.w.org\/{rel}","templated":true}]}}