{"id":13634,"date":"2025-01-08T17:02:59","date_gmt":"2025-01-08T16:02:59","guid":{"rendered":"https:\/\/gryff-et-pitaine.fr\/?page_id=13634"},"modified":"2025-10-12T12:40:49","modified_gmt":"2025-10-12T10:40:49","slug":"babylon-5-a-call-to-arms","status":"publish","type":"page","link":"https:\/\/gryff-et-pitaine.fr\/?page_id=13634","title":{"rendered":"Babylon 5 A call to Arms"},"content":{"rendered":"<p><iframe loading=\"lazy\" title=\"Babylon 5   Season 1   Intro HD\" width=\"920\" height=\"518\" src=\"https:\/\/www.youtube.com\/embed\/BtrUhIuEqdY?feature=oembed\" frameborder=\"0\" allow=\"accelerometer; autoplay; clipboard-write; encrypted-media; gyroscope; picture-in-picture; web-share\" referrerpolicy=\"strict-origin-when-cross-origin\" allowfullscreen><\/iframe><\/p>\n<p>&nbsp;<\/p>\n<p>Alors forc\u00e9ment, sur un site de rapport de bataille, c&rsquo;est que le projet a un peu merd\u00e9 quelque part. Si vous ne connaissez pas la s\u00e9rie, je vous laisse en profiter. Mais ce qui nous concerne, \u00ab\u00a0A Call To Arms\u00a0\u00bb dans sa 2\u00e8me version propose des batailles spatiale dans cet univers. C&rsquo;est pas le jeu le plus balanc\u00e9 du monde en terme d&rsquo;\u00e9quilibre gamer, mais en narratif \u00e7a fait le taf. So&#8230;.<\/p>\n<p>&nbsp;<\/p>\n<p>Campagnes:<\/p>\n<p><strong><a href=\"https:\/\/gryff-et-pitaine.fr\/?p=16030\">La bataille de M\u00e9sange (Campagne Non Align\u00e9s Vs Centauri Vs Non Align\u00e9s)<\/a><br \/>\n<\/strong><em>Le Syst\u00e8me de M\u00e9sange d\u00e9clare son ind\u00e9pendance de la r\u00e9publique Centauri, soutenu par diff\u00e9rente races de la Ligue! Mais les Centauri ne l&rsquo;entendent pas de cette oreille et le refus des bellig\u00e9rants de laisser les Abbai pr\u00e9sent dans le syst\u00e8me en paix provoque l&rsquo;apparition d&rsquo;un 3\u00e8me bellig\u00e9rant! Demandez le journal!<\/em><\/p>\n","protected":false},"excerpt":{"rendered":"<p>&nbsp; Alors forc\u00e9ment, sur un site de rapport de bataille, c&rsquo;est que le projet a un peu merd\u00e9 quelque part. Si vous ne connaissez pas la s\u00e9rie, je vous laisse<\/p>\n<p class=\"more-link\"><a href=\"https:\/\/gryff-et-pitaine.fr\/?page_id=13634\" class=\"readmore\">Lire la suite&#8230;<span class=\"screen-reader-text\">Babylon 5 A call to Arms<\/span><\/a><\/p>\n","protected":false},"author":2,"featured_media":13633,"parent":702,"menu_order":0,"comment_status":"closed","ping_status":"closed","template":"","meta":{"footnotes":""},"class_list":["post-13634","page","type-page","status-publish","has-post-thumbnail","hentry"],"_links":{"self":[{"href":"https:\/\/gryff-et-pitaine.fr\/index.php?rest_route=\/wp\/v2\/pages\/13634","targetHints":{"allow":["GET"]}}],"collection":[{"href":"https:\/\/gryff-et-pitaine.fr\/index.php?rest_route=\/wp\/v2\/pages"}],"about":[{"href":"https:\/\/gryff-et-pitaine.fr\/index.php?rest_route=\/wp\/v2\/types\/page"}],"author":[{"embeddable":true,"href":"https:\/\/gryff-et-pitaine.fr\/index.php?rest_route=\/wp\/v2\/users\/2"}],"replies":[{"embeddable":true,"href":"https:\/\/gryff-et-pitaine.fr\/index.php?rest_route=%2Fwp%2Fv2%2Fcomments&post=13634"}],"version-history":[{"count":5,"href":"https:\/\/gryff-et-pitaine.fr\/index.php?rest_route=\/wp\/v2\/pages\/13634\/revisions"}],"predecessor-version":[{"id":16033,"href":"https:\/\/gryff-et-pitaine.fr\/index.php?rest_route=\/wp\/v2\/pages\/13634\/revisions\/16033"}],"up":[{"embeddable":true,"href":"https:\/\/gryff-et-pitaine.fr\/index.php?rest_route=\/wp\/v2\/pages\/702"}],"wp:featuredmedia":[{"embeddable":true,"href":"https:\/\/gryff-et-pitaine.fr\/index.php?rest_route=\/wp\/v2\/media\/13633"}],"wp:attachment":[{"href":"https:\/\/gryff-et-pitaine.fr\/index.php?rest_route=%2Fwp%2Fv2%2Fmedia&parent=13634"}],"curies":[{"name":"wp","href":"https:\/\/api.w.org\/{rel}","templated":true}]}}