{"id":10441,"date":"2023-01-13T01:29:53","date_gmt":"2023-01-13T00:29:53","guid":{"rendered":"http:\/\/gryff-et-pitaine.fr\/?page_id=10441"},"modified":"2023-02-05T14:33:21","modified_gmt":"2023-02-05T13:33:21","slug":"drame-de-camelia-regles","status":"publish","type":"page","link":"https:\/\/gryff-et-pitaine.fr\/?page_id=10441","title":{"rendered":"Drame de Cam\u00e9lia: R\u00e8gles"},"content":{"rendered":"<p>La Campagne du Drame de Cam\u00e9lia suivra les r\u00e8gles de la V4 de W40k, plus un certain nombre de ressources list\u00e9 ici:<\/p>\n<p><a href=\"http:\/\/gryff-et-pitaine.fr\/?p=9816\">Faire son arm\u00e9e pour Cam\u00e9lia<\/a><\/p>\n<p>Voici les r\u00e8gles plus particuli\u00e8re \u00e0 l&rsquo;\u00e9v\u00e8nement:<\/p>\n<p><a href=\"http:\/\/gryff-et-pitaine.fr\/?p=10434\">R\u00e8gles d\u2019Engagement: D\u00e9ploiement et sc\u00e9nario standard<\/a><\/p>\n<p><a href=\"http:\/\/gryff-et-pitaine.fr\/?p=10438\">R\u00e8gles d\u2019engagement: Objets et PNJs<\/a><\/p>\n<p>R\u00e8gles: Gagner des <a href=\"http:\/\/gryff-et-pitaine.fr\/?p=10491\">Points de Contr\u00f4le<\/a><\/p>\n<p>R\u00e8gles: Gagner des <a href=\"http:\/\/gryff-et-pitaine.fr\/?p=10521\">Points de Gloire<\/a><\/p>\n<p>R\u00e8gles: Gagner des <a href=\"http:\/\/gryff-et-pitaine.fr\/?p=10525\">Points de Savoir<\/a><\/p>\n<p>R\u00e8gles: Gagner des <a href=\"http:\/\/gryff-et-pitaine.fr\/?p=10529\">Points de Richesse<\/a><\/p>\n<p>R\u00e8gles: <a href=\"http:\/\/gryff-et-pitaine.fr\/?p=10531\">L\u2019int\u00e9grit\u00e9 Plan\u00e9taire.<\/a><\/p>\n<p><img loading=\"lazy\" decoding=\"async\" class=\"alignnone size-large wp-image-10446\" src=\"http:\/\/gryff-et-pitaine.fr\/wp-content\/uploads\/2023\/01\/sos-1024x768.jpg\" alt=\"\" width=\"920\" height=\"690\" srcset=\"https:\/\/gryff-et-pitaine.fr\/wp-content\/uploads\/2023\/01\/sos-1024x768.jpg 1024w, https:\/\/gryff-et-pitaine.fr\/wp-content\/uploads\/2023\/01\/sos-300x225.jpg 300w, https:\/\/gryff-et-pitaine.fr\/wp-content\/uploads\/2023\/01\/sos-768x576.jpg 768w, https:\/\/gryff-et-pitaine.fr\/wp-content\/uploads\/2023\/01\/sos-1536x1152.jpg 1536w, https:\/\/gryff-et-pitaine.fr\/wp-content\/uploads\/2023\/01\/sos-2048x1536.jpg 2048w, https:\/\/gryff-et-pitaine.fr\/wp-content\/uploads\/2023\/01\/sos-960x720.jpg 960w, https:\/\/gryff-et-pitaine.fr\/wp-content\/uploads\/2023\/01\/sos-640x480.jpg 640w\" sizes=\"auto, (max-width: 920px) 100vw, 920px\" \/><\/p>\n<p>&nbsp;<\/p>\n","protected":false},"excerpt":{"rendered":"<p>La Campagne du Drame de Cam\u00e9lia suivra les r\u00e8gles de la V4 de W40k, plus un certain nombre de ressources list\u00e9 ici: Faire son arm\u00e9e pour Cam\u00e9lia Voici les r\u00e8gles<\/p>\n<p class=\"more-link\"><a href=\"https:\/\/gryff-et-pitaine.fr\/?page_id=10441\" class=\"readmore\">Lire la suite&#8230;<span class=\"screen-reader-text\">Drame de Cam\u00e9lia: R\u00e8gles<\/span><\/a><\/p>\n","protected":false},"author":2,"featured_media":0,"parent":1431,"menu_order":0,"comment_status":"closed","ping_status":"closed","template":"","meta":{"footnotes":""},"class_list":["post-10441","page","type-page","status-publish","hentry"],"_links":{"self":[{"href":"https:\/\/gryff-et-pitaine.fr\/index.php?rest_route=\/wp\/v2\/pages\/10441","targetHints":{"allow":["GET"]}}],"collection":[{"href":"https:\/\/gryff-et-pitaine.fr\/index.php?rest_route=\/wp\/v2\/pages"}],"about":[{"href":"https:\/\/gryff-et-pitaine.fr\/index.php?rest_route=\/wp\/v2\/types\/page"}],"author":[{"embeddable":true,"href":"https:\/\/gryff-et-pitaine.fr\/index.php?rest_route=\/wp\/v2\/users\/2"}],"replies":[{"embeddable":true,"href":"https:\/\/gryff-et-pitaine.fr\/index.php?rest_route=%2Fwp%2Fv2%2Fcomments&post=10441"}],"version-history":[{"count":7,"href":"https:\/\/gryff-et-pitaine.fr\/index.php?rest_route=\/wp\/v2\/pages\/10441\/revisions"}],"predecessor-version":[{"id":10542,"href":"https:\/\/gryff-et-pitaine.fr\/index.php?rest_route=\/wp\/v2\/pages\/10441\/revisions\/10542"}],"up":[{"embeddable":true,"href":"https:\/\/gryff-et-pitaine.fr\/index.php?rest_route=\/wp\/v2\/pages\/1431"}],"wp:attachment":[{"href":"https:\/\/gryff-et-pitaine.fr\/index.php?rest_route=%2Fwp%2Fv2%2Fmedia&parent=10441"}],"curies":[{"name":"wp","href":"https:\/\/api.w.org\/{rel}","templated":true}]}}